{"id":3796,"date":"2026-02-04T07:51:24","date_gmt":"2026-02-04T07:51:24","guid":{"rendered":"https:\/\/lindtcocoafoundation.org\/projekte\/peru\/"},"modified":"2026-02-05T06:53:05","modified_gmt":"2026-02-05T06:53:05","slug":"peru","status":"publish","type":"page","link":"https:\/\/lindtcocoafoundation.org\/de\/projekte\/peru\/","title":{"rendered":"Peru"},"content":{"rendered":"<div class=\"fusion-fullwidth fullwidth-box fusion-builder-row-1 fusion-flex-container has-pattern-background has-mask-background nonhundred-percent-fullwidth non-hundred-percent-height-scrolling\" style=\"--awb-border-radius-top-left:0px;--awb-border-radius-top-right:0px;--awb-border-radius-bottom-right:0px;--awb-border-radius-bottom-left:0px;--awb-padding-bottom:105px;--awb-flex-wrap:wrap;\" ><div class=\"fusion-builder-row fusion-row fusion-flex-align-items-flex-start fusion-flex-content-wrap\" style=\"max-width:1523.6px;margin-left: calc(-4% \/ 2 );margin-right: calc(-4% \/ 2 );\"><div class=\"fusion-layout-column fusion_builder_column fusion-builder-column-0 fusion_builder_column_1_2 1_2 fusion-flex-column fusion-animated\" style=\"--awb-bg-color:var(--awb-color1);--awb-bg-color-hover:var(--awb-color1);--awb-bg-size:cover;--awb-width-large:50%;--awb-spacing-right-large:3.84%;--awb-margin-bottom-large:0px;--awb-spacing-left-large:3.84%;--awb-width-medium:50%;--awb-order-medium:0;--awb-spacing-right-medium:3.84%;--awb-spacing-left-medium:3.84%;--awb-width-small:100%;--awb-order-small:0;--awb-spacing-right-small:1.92%;--awb-margin-bottom-small:40px;--awb-spacing-left-small:1.92%;\" data-animationType=\"fadeInUp\" data-animationDuration=\"1.0\" data-animationOffset=\"top-into-view\"><div class=\"fusion-column-wrapper fusion-column-has-shadow fusion-flex-justify-content-flex-start fusion-content-layout-column\"><div class=\"fusion-image-element \" style=\"--awb-aspect-ratio: 100 \/ 60;--awb-object-position:54% 0%;--awb-margin-bottom:20px;--awb-caption-title-font-family:var(--h2_typography-font-family);--awb-caption-title-font-weight:var(--h2_typography-font-weight);--awb-caption-title-font-style:var(--h2_typography-font-style);--awb-caption-title-size:var(--h2_typography-font-size);--awb-caption-title-transform:var(--h2_typography-text-transform);--awb-caption-title-line-height:var(--h2_typography-line-height);--awb-caption-title-letter-spacing:var(--h2_typography-letter-spacing);\"><span class=\" fusion-imageframe imageframe-none imageframe-1 hover-type-none has-aspect-ratio\"><img decoding=\"async\" width=\"1200\" height=\"1600\" title=\"trampa2\" src=\"https:\/\/lindtcocoafoundation.org\/wp-content\/uploads\/2026\/02\/trampa2.jpeg\" class=\"img-responsive wp-image-3778 img-with-aspect-ratio\" data-parent-fit=\"cover\" data-parent-container=\".fusion-image-element\" alt srcset=\"https:\/\/lindtcocoafoundation.org\/wp-content\/uploads\/2026\/02\/trampa2-200x267.jpeg 200w, https:\/\/lindtcocoafoundation.org\/wp-content\/uploads\/2026\/02\/trampa2-400x533.jpeg 400w, https:\/\/lindtcocoafoundation.org\/wp-content\/uploads\/2026\/02\/trampa2-600x800.jpeg 600w, https:\/\/lindtcocoafoundation.org\/wp-content\/uploads\/2026\/02\/trampa2-800x1067.jpeg 800w, https:\/\/lindtcocoafoundation.org\/wp-content\/uploads\/2026\/02\/trampa2.jpeg 1200w\" sizes=\"(max-width: 768px) 100vw, 800px\" \/><\/span><\/div><div class=\"fusion-title title fusion-title-1 fusion-sep-none fusion-title-text fusion-title-size-four\" style=\"--awb-margin-top:0px;--awb-margin-right:10px;--awb-margin-left:10px;--awb-margin-top-small:0px;--awb-margin-right-small:10px;--awb-margin-bottom-small:15px;--awb-margin-left-small:10px;\"><h4 class=\"fusion-title-heading title-heading-left fusion-responsive-typography-calculated\" style=\"margin:0;text-transform:none;--fontSize:24;line-height:1.3333;\"><div>Forschungsprojekt: Neue Methoden zur Kontrolle von <em>Carmenta foraseminis<\/em> und <em>Gymnandrosoma aurantianum<\/em> in Peru<\/div><\/h4><\/div><div class=\"fusion-text fusion-text-1\" style=\"--awb-margin-right:10px;--awb-margin-left:10px;\"><p>Das Projekt zielt darauf ab, wirksame und umweltfreundliche Pheromonl\u00f6sungen zur Bek\u00e4mpfung der beiden wichtigsten Kakaosch\u00e4dlinge in der Amazonasregion Perus zu entwickeln und unter realen Bedingungen zu testen. Dadurch sollen Ernteverluste deutlich reduziert und die Einkommen der Kakaob\u00e4uerinnen und -bauern nachhaltig verbessert werden.<\/p>\n<\/div><div ><a class=\"fusion-button button-flat fusion-button-default-size button-custom fusion-button-default button-1 fusion-button-default-span fusion-button-default-type arrow-button\" style=\"--awb-margin-right:10px;--awb-margin-bottom:15px;--awb-margin-left:10px;--awb-padding-top:0px;--awb-padding-right:0px;--awb-padding-bottom:0px;--awb-padding-left:0px;--button_accent_color:#ccaf62;--button_border_color:var(--awb-color1);--button_accent_hover_color:var(--awb-color5);--button_border_hover_color:var(--awb-color1);--button_border_width-top:0;--button_border_width-right:0;--button_border_width-bottom:0;--button_border_width-left:0;--button_gradient_top_color:var(--awb-color1);--button_gradient_bottom_color:var(--awb-color1);--button_gradient_top_color_hover:var(--awb-color1);--button_gradient_bottom_color_hover:var(--awb-color1);\" target=\"_self\" href=\"https:\/\/lindtcocoafoundation.org\/de\/bioversity-international\/\"><span class=\"fusion-button-text awb-button__text awb-button__text--default\">Weiter lesen<\/span><\/a><\/div><\/div><\/div><\/div><\/div>\n","protected":false},"excerpt":{"rendered":"","protected":false},"author":1,"featured_media":3154,"parent":3297,"menu_order":12,"comment_status":"closed","ping_status":"closed","template":"100-width.php","meta":{"_acf_changed":false,"footnotes":"","_links_to":"","_links_to_target":""},"class_list":["post-3796","page","type-page","status-publish","has-post-thumbnail","hentry"],"acf":[],"yoast_head":"<!-- This site is optimized with the Yoast SEO plugin v27.5 - https:\/\/yoast.com\/product\/yoast-seo-wordpress\/ -->\n<title>Peru - Lindt Cocoa Foundation<\/title>\n<meta name=\"robots\" content=\"index, follow, max-snippet:-1, max-image-preview:large, max-video-preview:-1\" \/>\n<link rel=\"canonical\" href=\"https:\/\/lindtcocoafoundation.org\/de\/projekte\/peru\/\" \/>\n<meta property=\"og:locale\" content=\"de_DE\" \/>\n<meta property=\"og:type\" content=\"article\" \/>\n<meta property=\"og:title\" content=\"Peru - Lindt Cocoa Foundation\" \/>\n<meta property=\"og:url\" content=\"https:\/\/lindtcocoafoundation.org\/de\/projekte\/peru\/\" \/>\n<meta property=\"og:site_name\" content=\"Lindt Cocoa Foundation\" \/>\n<meta property=\"article:modified_time\" content=\"2026-02-05T06:53:05+00:00\" \/>\n<meta property=\"og:image\" content=\"https:\/\/lindtcocoafoundation.org\/wp-content\/uploads\/2025\/07\/Forest_Kakum_Wilma_Hart.jpg\" \/>\n\t<meta property=\"og:image:width\" content=\"2500\" \/>\n\t<meta property=\"og:image:height\" content=\"1664\" \/>\n\t<meta property=\"og:image:type\" content=\"image\/jpeg\" \/>\n<meta name=\"twitter:card\" content=\"summary_large_image\" \/>\n<meta name=\"twitter:label1\" content=\"Gesch\u00e4tzte Lesezeit\" \/>\n\t<meta name=\"twitter:data1\" content=\"1\u00a0Minute\" \/>\n<script type=\"application\/ld+json\" class=\"yoast-schema-graph\">{\"@context\":\"https:\\\/\\\/schema.org\",\"@graph\":[{\"@type\":\"WebPage\",\"@id\":\"https:\\\/\\\/lindtcocoafoundation.org\\\/de\\\/projekte\\\/peru\\\/\",\"url\":\"https:\\\/\\\/lindtcocoafoundation.org\\\/de\\\/projekte\\\/peru\\\/\",\"name\":\"Peru - Lindt Cocoa Foundation\",\"isPartOf\":{\"@id\":\"https:\\\/\\\/lindtcocoafoundation.org\\\/#website\"},\"primaryImageOfPage\":{\"@id\":\"https:\\\/\\\/lindtcocoafoundation.org\\\/de\\\/projekte\\\/peru\\\/#primaryimage\"},\"image\":{\"@id\":\"https:\\\/\\\/lindtcocoafoundation.org\\\/de\\\/projekte\\\/peru\\\/#primaryimage\"},\"thumbnailUrl\":\"https:\\\/\\\/lindtcocoafoundation.org\\\/wp-content\\\/uploads\\\/2025\\\/07\\\/Forest_Kakum_Wilma_Hart.jpg\",\"datePublished\":\"2026-02-04T07:51:24+00:00\",\"dateModified\":\"2026-02-05T06:53:05+00:00\",\"breadcrumb\":{\"@id\":\"https:\\\/\\\/lindtcocoafoundation.org\\\/de\\\/projekte\\\/peru\\\/#breadcrumb\"},\"inLanguage\":\"de\",\"potentialAction\":[{\"@type\":\"ReadAction\",\"target\":[\"https:\\\/\\\/lindtcocoafoundation.org\\\/de\\\/projekte\\\/peru\\\/\"]}]},{\"@type\":\"ImageObject\",\"inLanguage\":\"de\",\"@id\":\"https:\\\/\\\/lindtcocoafoundation.org\\\/de\\\/projekte\\\/peru\\\/#primaryimage\",\"url\":\"https:\\\/\\\/lindtcocoafoundation.org\\\/wp-content\\\/uploads\\\/2025\\\/07\\\/Forest_Kakum_Wilma_Hart.jpg\",\"contentUrl\":\"https:\\\/\\\/lindtcocoafoundation.org\\\/wp-content\\\/uploads\\\/2025\\\/07\\\/Forest_Kakum_Wilma_Hart.jpg\",\"width\":2500,\"height\":1664},{\"@type\":\"BreadcrumbList\",\"@id\":\"https:\\\/\\\/lindtcocoafoundation.org\\\/de\\\/projekte\\\/peru\\\/#breadcrumb\",\"itemListElement\":[{\"@type\":\"ListItem\",\"position\":1,\"name\":\"Home\",\"item\":\"https:\\\/\\\/lindtcocoafoundation.org\\\/de\\\/\"},{\"@type\":\"ListItem\",\"position\":2,\"name\":\"Projekte\",\"item\":\"https:\\\/\\\/lindtcocoafoundation.org\\\/de\\\/projekte\\\/\"},{\"@type\":\"ListItem\",\"position\":3,\"name\":\"Peru\"}]},{\"@type\":\"WebSite\",\"@id\":\"https:\\\/\\\/lindtcocoafoundation.org\\\/#website\",\"url\":\"https:\\\/\\\/lindtcocoafoundation.org\\\/\",\"name\":\"Lindt Cocoa Foundation\",\"description\":\"\",\"potentialAction\":[{\"@type\":\"SearchAction\",\"target\":{\"@type\":\"EntryPoint\",\"urlTemplate\":\"https:\\\/\\\/lindtcocoafoundation.org\\\/?s={search_term_string}\"},\"query-input\":{\"@type\":\"PropertyValueSpecification\",\"valueRequired\":true,\"valueName\":\"search_term_string\"}}],\"inLanguage\":\"de\"}]}<\/script>\n<!-- \/ Yoast SEO plugin. -->","yoast_head_json":{"title":"Peru - Lindt Cocoa Foundation","robots":{"index":"index","follow":"follow","max-snippet":"max-snippet:-1","max-image-preview":"max-image-preview:large","max-video-preview":"max-video-preview:-1"},"canonical":"https:\/\/lindtcocoafoundation.org\/de\/projekte\/peru\/","og_locale":"de_DE","og_type":"article","og_title":"Peru - Lindt Cocoa Foundation","og_url":"https:\/\/lindtcocoafoundation.org\/de\/projekte\/peru\/","og_site_name":"Lindt Cocoa Foundation","article_modified_time":"2026-02-05T06:53:05+00:00","og_image":[{"width":2500,"height":1664,"url":"https:\/\/lindtcocoafoundation.org\/wp-content\/uploads\/2025\/07\/Forest_Kakum_Wilma_Hart.jpg","type":"image\/jpeg"}],"twitter_card":"summary_large_image","twitter_misc":{"Gesch\u00e4tzte Lesezeit":"1\u00a0Minute"},"schema":{"@context":"https:\/\/schema.org","@graph":[{"@type":"WebPage","@id":"https:\/\/lindtcocoafoundation.org\/de\/projekte\/peru\/","url":"https:\/\/lindtcocoafoundation.org\/de\/projekte\/peru\/","name":"Peru - Lindt Cocoa Foundation","isPartOf":{"@id":"https:\/\/lindtcocoafoundation.org\/#website"},"primaryImageOfPage":{"@id":"https:\/\/lindtcocoafoundation.org\/de\/projekte\/peru\/#primaryimage"},"image":{"@id":"https:\/\/lindtcocoafoundation.org\/de\/projekte\/peru\/#primaryimage"},"thumbnailUrl":"https:\/\/lindtcocoafoundation.org\/wp-content\/uploads\/2025\/07\/Forest_Kakum_Wilma_Hart.jpg","datePublished":"2026-02-04T07:51:24+00:00","dateModified":"2026-02-05T06:53:05+00:00","breadcrumb":{"@id":"https:\/\/lindtcocoafoundation.org\/de\/projekte\/peru\/#breadcrumb"},"inLanguage":"de","potentialAction":[{"@type":"ReadAction","target":["https:\/\/lindtcocoafoundation.org\/de\/projekte\/peru\/"]}]},{"@type":"ImageObject","inLanguage":"de","@id":"https:\/\/lindtcocoafoundation.org\/de\/projekte\/peru\/#primaryimage","url":"https:\/\/lindtcocoafoundation.org\/wp-content\/uploads\/2025\/07\/Forest_Kakum_Wilma_Hart.jpg","contentUrl":"https:\/\/lindtcocoafoundation.org\/wp-content\/uploads\/2025\/07\/Forest_Kakum_Wilma_Hart.jpg","width":2500,"height":1664},{"@type":"BreadcrumbList","@id":"https:\/\/lindtcocoafoundation.org\/de\/projekte\/peru\/#breadcrumb","itemListElement":[{"@type":"ListItem","position":1,"name":"Home","item":"https:\/\/lindtcocoafoundation.org\/de\/"},{"@type":"ListItem","position":2,"name":"Projekte","item":"https:\/\/lindtcocoafoundation.org\/de\/projekte\/"},{"@type":"ListItem","position":3,"name":"Peru"}]},{"@type":"WebSite","@id":"https:\/\/lindtcocoafoundation.org\/#website","url":"https:\/\/lindtcocoafoundation.org\/","name":"Lindt Cocoa Foundation","description":"","potentialAction":[{"@type":"SearchAction","target":{"@type":"EntryPoint","urlTemplate":"https:\/\/lindtcocoafoundation.org\/?s={search_term_string}"},"query-input":{"@type":"PropertyValueSpecification","valueRequired":true,"valueName":"search_term_string"}}],"inLanguage":"de"}]}},"_links":{"self":[{"href":"https:\/\/lindtcocoafoundation.org\/de\/wp-json\/wp\/v2\/pages\/3796","targetHints":{"allow":["GET"]}}],"collection":[{"href":"https:\/\/lindtcocoafoundation.org\/de\/wp-json\/wp\/v2\/pages"}],"about":[{"href":"https:\/\/lindtcocoafoundation.org\/de\/wp-json\/wp\/v2\/types\/page"}],"author":[{"embeddable":true,"href":"https:\/\/lindtcocoafoundation.org\/de\/wp-json\/wp\/v2\/users\/1"}],"replies":[{"embeddable":true,"href":"https:\/\/lindtcocoafoundation.org\/de\/wp-json\/wp\/v2\/comments?post=3796"}],"version-history":[{"count":8,"href":"https:\/\/lindtcocoafoundation.org\/de\/wp-json\/wp\/v2\/pages\/3796\/revisions"}],"predecessor-version":[{"id":3809,"href":"https:\/\/lindtcocoafoundation.org\/de\/wp-json\/wp\/v2\/pages\/3796\/revisions\/3809"}],"up":[{"embeddable":true,"href":"https:\/\/lindtcocoafoundation.org\/de\/wp-json\/wp\/v2\/pages\/3297"}],"wp:featuredmedia":[{"embeddable":true,"href":"https:\/\/lindtcocoafoundation.org\/de\/wp-json\/wp\/v2\/media\/3154"}],"wp:attachment":[{"href":"https:\/\/lindtcocoafoundation.org\/de\/wp-json\/wp\/v2\/media?parent=3796"}],"curies":[{"name":"wp","href":"https:\/\/api.w.org\/{rel}","templated":true}]}}