{"id":3480,"date":"2025-07-31T08:46:42","date_gmt":"2025-07-31T08:46:42","guid":{"rendered":"https:\/\/lindtcocoafoundation.org\/?page_id=3480"},"modified":"2025-07-31T15:39:23","modified_gmt":"2025-07-31T15:39:23","slug":"cookie-richtlinien","status":"publish","type":"page","link":"https:\/\/lindtcocoafoundation.org\/de\/cookie-richtlinien\/","title":{"rendered":"Cookie-Richtlinien"},"content":{"rendered":"<div class=\"fusion-fullwidth fullwidth-box fusion-builder-row-1 fusion-flex-container has-pattern-background has-mask-background nonhundred-percent-fullwidth non-hundred-percent-height-scrolling\" style=\"--awb-border-radius-top-left:0px;--awb-border-radius-top-right:0px;--awb-border-radius-bottom-right:0px;--awb-border-radius-bottom-left:0px;--awb-flex-wrap:wrap;\" ><div class=\"fusion-builder-row fusion-row fusion-flex-align-items-flex-start fusion-flex-content-wrap\" style=\"max-width:1523.6px;margin-left: calc(-4% \/ 2 );margin-right: calc(-4% \/ 2 );\"><div class=\"fusion-layout-column fusion_builder_column fusion-builder-column-0 fusion_builder_column_1_1 1_1 fusion-flex-column\" style=\"--awb-padding-right:300px;--awb-padding-left:300px;--awb-padding-right-medium:150px;--awb-padding-left-medium:150px;--awb-padding-right-small:0px;--awb-padding-left-small:0px;--awb-bg-size:cover;--awb-width-large:100%;--awb-spacing-right-large:1.92%;--awb-margin-bottom-large:30px;--awb-spacing-left-large:1.92%;--awb-width-medium:100%;--awb-order-medium:0;--awb-spacing-right-medium:1.92%;--awb-spacing-left-medium:1.92%;--awb-width-small:100%;--awb-order-small:0;--awb-spacing-right-small:1.92%;--awb-spacing-left-small:1.92%;\"><div class=\"fusion-column-wrapper fusion-column-has-shadow fusion-flex-justify-content-flex-start fusion-content-layout-column\"><div class=\"fusion-title title fusion-title-1 fusion-sep-none fusion-title-center fusion-title-text fusion-title-size-five\" style=\"--awb-margin-top:0px;--awb-margin-top-small:0px;--awb-margin-right-small:0px;--awb-margin-bottom-small:15px;--awb-margin-left-small:0px;\"><h5 class=\"fusion-title-heading title-heading-center fusion-responsive-typography-calculated\" style=\"margin:0;text-transform:none;--fontSize:20;--minFontSize:20;line-height:1.4;\">COOKIE POLICY<\/h5><\/div><div class=\"fusion-title title fusion-title-2 fusion-sep-none fusion-title-center fusion-title-text fusion-title-size-three\" style=\"--awb-margin-top:0px;--awb-margin-top-small:0px;--awb-margin-right-small:0px;--awb-margin-bottom-small:15px;--awb-margin-left-small:0px;\"><h3 class=\"fusion-title-heading title-heading-center fusion-responsive-typography-calculated\" style=\"margin:0;text-transform:none;--fontSize:30;line-height:var(--awb-typography2-line-height);\">Cookie-Richtlinien<\/h3><\/div><div class=\"fusion-text fusion-text-1\" style=\"--awb-content-alignment:center;\"><p>Die Lindt Cocoa Foundation verwendet Cookies und Tracking-Technologies aus verschiedenen Gr\u00fcnden, unter anderem, um den Betrieb unserer Website zu unterst\u00fctzen, und um zu verstehen, wie Sie und andere Besucher auf unseren Webseiten interagieren. Weitere Informationen zur Verwendung von Cookies finden Sie in dieser Cookie-Richtlinie.<\/p>\n<\/div><\/div><\/div><div class=\"fusion-layout-column fusion_builder_column fusion-builder-column-1 fusion_builder_column_1_1 1_1 fusion-flex-column\" style=\"--awb-padding-right:300px;--awb-padding-left:300px;--awb-padding-right-medium:150px;--awb-padding-left-medium:150px;--awb-padding-right-small:0px;--awb-padding-left-small:0px;--awb-bg-size:cover;--awb-width-large:100%;--awb-spacing-right-large:1.92%;--awb-margin-bottom-large:0px;--awb-spacing-left-large:1.92%;--awb-width-medium:100%;--awb-order-medium:0;--awb-spacing-right-medium:1.92%;--awb-spacing-left-medium:1.92%;--awb-width-small:100%;--awb-order-small:0;--awb-spacing-right-small:1.92%;--awb-spacing-left-small:1.92%;\"><div class=\"fusion-column-wrapper fusion-column-has-shadow fusion-flex-justify-content-flex-start fusion-content-layout-column\"><div class=\"fusion-title title fusion-title-3 fusion-sep-none fusion-title-center fusion-title-text fusion-title-size-three\" style=\"--awb-margin-top:0px;--awb-margin-top-small:0px;--awb-margin-right-small:0px;--awb-margin-bottom-small:15px;--awb-margin-left-small:0px;\"><h3 class=\"fusion-title-heading title-heading-center fusion-responsive-typography-calculated\" style=\"margin:0;text-transform:none;--fontSize:30;line-height:var(--awb-typography2-line-height);\">Web Beacons<\/h3><\/div><div class=\"fusion-text fusion-text-2 fusion-text-no-margin\" style=\"--awb-content-alignment:center;--awb-margin-bottom:40px;\"><p>Unsere Verwendung von Web-Beacons oder Pixel-Tags erm\u00f6glicht uns eine Z\u00e4hlung der Besucher, die unsere Webseiten angesehen. Ein Web-Beacon ist eine 1\u00d71&nbsp;Pixel grosse, nicht sichtbare Grafik, die mit der Benutzer-ID jedes einzelnen Benutzers der Website zusammenh\u00e4ngt. Durch die Verwendung dieser Web-Beacons in E-Mail-Werbemitteilungen\/Newslettern erhalten wir Informationen \u00fcber die verwendete Adressdatei, das Thema und die Anzahl gesendeter E-Mail-Werbemitteilungen\/Newsletter. Dar\u00fcber hinaus kann eingesehen werden, welche Adressen die Mitteilung noch nicht erhalten haben, an welche Adresse das E-Mail gesendet wurde und bei welchen Adressen die Zustellung fehlgeschlagen ist. Dar\u00fcber hinaus kann die \u00d6ffnungsrate dar\u00fcber Aufschluss geben, welche Adressen die E-Mail-Werbemitteilung\/den Newsletter ge\u00f6ffnet und welche Adressen das Abonnement gek\u00fcndigt haben. Wir nutzen diese Daten f\u00fcr statistische Zwecke und zur Optimierung von Inhalten und Struktur der E-Mail-Werbemitteilungen\/des Newsletters. Dies gestattet uns eine bessere Ausrichtung der Informationen und Angebote in unseren Mitteilungen an den Interessen der einzelnen Empf\u00e4nger. Das Tracking-Pixel wird gel\u00f6scht, wenn Sie die E-Mail-Werbemitteilung\/den Newsletter l\u00f6schen oder die entsprechende Seite verlassen.&nbsp;Um die Nutzung von Web-Beacons oder Pixel-Tags auf unseren Webseiten zu verhindern, deaktivieren Sie bitte die Einstellung f\u00fcr Performance- und Analyse-Cookies auf unseren Webseiten in unserem Datenschutz-Einstellungscenter. Sie k\u00f6nnen die Nutzung des Web-Beacons in unseren E-Mail-Werbemitteilungen\/Newslettern auch verhindern, indem Sie Ihr E-Mail-Programm so einstellen, dass kein HTML in Nachrichten angezeigt wird, sofern dies nicht schon standardm\u00e4ssig der Fall ist. Auf den folgenden Seiten finden Sie Erl\u00e4uterungen dazu, wie Sie diese Einstellung f\u00fcr die g\u00e4ngigsten E-Mail-Programme vornehmen.<\/p>\n<p>Microsoft&nbsp;<a href=\"https:\/\/support.microsoft.com\/de-ch\/office\/lesen-von-e-mail-nachrichten-im-nur-text-format-16dfe54a-fadc-4261-b2ce-19ad072ed7e3?omkt=de-ch&amp;ui=de-de&amp;rs=de-ch&amp;ad=ch\">Outlook<\/a><\/p>\n<p><a href=\"https:\/\/support.apple.com\/de-ch\/guide\/mail\/mlhlp1009\/mac\">E-Mail f\u00fcr Mac (\u00abRemoteinhalt in Nachrichten herunterladen\u00bb)<\/a><\/p>\n<\/div><div class=\"fusion-title title fusion-title-4 fusion-sep-none fusion-title-text fusion-title-size-three\" style=\"--awb-margin-top:0px;--awb-margin-top-small:0px;--awb-margin-right-small:0px;--awb-margin-bottom-small:15px;--awb-margin-left-small:0px;\"><h3 class=\"fusion-title-heading title-heading-left fusion-responsive-typography-calculated\" style=\"margin:0;text-transform:none;--fontSize:30;line-height:var(--awb-typography2-line-height);\">Cookie List<\/h3><\/div><div class=\"fusion-text fusion-text-3 fusion-text-no-margin\" style=\"--awb-margin-bottom:40px;\"><p>Ein Cookie ist ein kleines Datenpaket (Textdatei), das Ihr Browser auf Anweisung einer besuchten Website auf Ihrem Ger\u00e4t speichert, um sich Informationen \u00fcber Sie zu \u201emerken\u201c, wie etwa Ihre Spracheinstellungen oder Anmeldeinformationen. Diese Cookies werden von uns gesetzt und als Erstanbieter-Cookies bezeichnet. Wir verwenden auch Drittanbieter-Cookies, welche von einer anderen Dom\u00e4ne als die der von Ihnen besuchten Website stammen. Wie verwenden diese Cookies zur Unterst\u00fctzung unserer Werbe- und Marketingma\u00dfnahmen. Insbesondere verwenden wir Cookies und andere Tracker-Technologien f\u00fcr die folgenden Zwecke:<\/p>\n<\/div><div class=\"fusion-title title fusion-title-5 fusion-sep-none fusion-title-text fusion-title-size-four\" style=\"--awb-margin-top:0px;--awb-margin-top-small:0px;--awb-margin-right-small:0px;--awb-margin-bottom-small:15px;--awb-margin-left-small:0px;\"><h4 class=\"fusion-title-heading title-heading-left fusion-responsive-typography-calculated\" style=\"margin:0;text-transform:none;--fontSize:24;line-height:1.3333;\">Unbedingt erforderliche Cookies<\/h4><\/div><div class=\"fusion-text fusion-text-4 fusion-text-no-margin\" style=\"--awb-margin-bottom:40px;\"><p>Diese Cookies sind zur Funktion der Website erforderlich und k\u00f6nnen in Ihren Systemen nicht deaktiviert werden. In der Regel werden diese Cookies nur als Reaktion auf von Ihnen get\u00e4tigte Aktionen gesetzt, die einer Dienstanforderung entsprechen, wie etwa dem Festlegen Ihrer Datenschutzeinstellungen, dem Anmelden oder dem Ausf\u00fcllen von Formularen. Sie k\u00f6nnen Ihren Browser so einstellen, dass diese Cookies blockiert oder Sie \u00fcber diese Cookies benachrichtigt werden. Einige Bereiche der Website funktionieren dann aber nicht. Diese Cookies werden nur dazu verwendet, den Benutzern die Dienste der Site zur Verf\u00fcgung zu stellen, so dass sie nicht die ausdr\u00fcckliche Zustimmung der Benutzer erfordern.<\/p>\n<\/div>\n<div class=\"table-2\" style=\"--awb-margin-bottom:40px;\">\n<p>&nbsp;<\/p>\n<table width=\"100%\">\n<thead>\n<tr>\n<th align=\"left\">Cookie Untergruppe<\/th>\n<th align=\"left\">Cookies<\/th>\n<th align=\"left\">Verwendete Cookies<\/th>\n<th align=\"left\">G\u00fcltigkeitsdauer<\/th>\n<\/tr>\n<\/thead>\n<tbody>\n<tr>\n<td align=\"left\">www.lindtcocoafoundation.org<\/td>\n<td align=\"left\">&nbsp;<\/td>\n<td align=\"left\">Erstanbieter<\/td>\n<td align=\"left\">&nbsp;<\/td>\n<\/tr>\n<tr>\n<td align=\"left\">Lindtcocoafoundation.org<\/td>\n<td align=\"left\">&nbsp;<\/td>\n<td align=\"left\">Erstanbieter<\/td>\n<td align=\"left\">&nbsp;<\/td>\n<\/tr>\n<\/tbody>\n<\/table>\n<\/div>\n<div class=\"fusion-title title fusion-title-6 fusion-sep-none fusion-title-text fusion-title-size-four\" style=\"--awb-margin-top:0px;--awb-margin-top-small:0px;--awb-margin-right-small:0px;--awb-margin-bottom-small:15px;--awb-margin-left-small:0px;\"><h4 class=\"fusion-title-heading title-heading-left fusion-responsive-typography-calculated\" style=\"margin:0;text-transform:none;--fontSize:24;line-height:1.3333;\">Leistungs-Cookies<\/h4><\/div><div class=\"fusion-text fusion-text-5 fusion-text-no-margin\" style=\"--awb-margin-bottom:40px;\"><p>Diese Cookies erm\u00f6glichen es uns, Besuche und Verkehrsquellen zu z\u00e4hlen, damit wir die Leistung unserer Website messen und verbessern k\u00f6nnen. Sie unterst\u00fctzen uns bei der Beantwortung der Fragen, welche Seiten am beliebtesten sind, welche am wenigsten genutzt werden und wie sich Besucher auf der Website bewegen. Alle von diesen Cookies erfassten Informationen werden aggregiert. Wenn Sie diese Cookies nicht zulassen, k\u00f6nnen wir nicht wissen, wann Sie unsere Website besucht haben und werden nicht in der Lage sein, die Leistung unserer Website zu \u00fcberwachen.<\/p>\n<\/div>\n<div class=\"table-2\" style=\"--awb-margin-bottom:40px;\">\n<p>&nbsp;<\/p>\n<table width=\"100%\">\n<thead>\n<tr>\n<th align=\"left\">Cookie Untergruppe<\/th>\n<th align=\"left\">Cookies<\/th>\n<th align=\"left\">Verwendete Cookies<\/th>\n<th align=\"left\">G\u00fcltigkeitsdauer<\/th>\n<\/tr>\n<\/thead>\n<tbody>\n<tr>\n<td align=\"left\">www.lindtcocoafoundation.org<\/td>\n<td align=\"left\"><\/td>\n<td align=\"left\">Erstanbieter<\/td>\n<td align=\"left\"><\/td>\n<\/tr>\n<\/tbody>\n<\/table>\n<\/div>\n<div class=\"fusion-title title fusion-title-7 fusion-sep-none fusion-title-center fusion-title-text fusion-title-size-three\" style=\"--awb-margin-top:0px;--awb-margin-top-small:0px;--awb-margin-right-small:0px;--awb-margin-bottom-small:15px;--awb-margin-left-small:0px;\"><h3 class=\"fusion-title-heading title-heading-center fusion-responsive-typography-calculated\" style=\"margin:0;text-transform:none;--fontSize:30;line-height:var(--awb-typography2-line-height);\">Steuern von Cookies<\/h3><\/div><div class=\"fusion-title title fusion-title-8 fusion-sep-none fusion-title-center fusion-title-text fusion-title-size-four\" style=\"--awb-margin-top:0px;--awb-margin-top-small:0px;--awb-margin-right-small:0px;--awb-margin-bottom-small:15px;--awb-margin-left-small:0px;\"><h4 class=\"fusion-title-heading title-heading-center fusion-responsive-typography-calculated\" style=\"margin:0;text-transform:none;--fontSize:24;line-height:1.3333;\">Datenschutz-Einstellungscenter<\/h4><\/div><div class=\"fusion-text fusion-text-6 fusion-text-no-margin\" style=\"--awb-content-alignment:center;--awb-margin-bottom:40px;\"><p>Sie k\u00f6nnen das Datenschutz-Einstellungscenter von Lindt Cocoa Foundation zur individuellen Anpassung Ihrer Cookie-Einstellungen verwenden. Unsere Website wird regelm\u00e4ssig durch unser Cookie-Scanning-Tool gepr\u00fcft, um die Liste auf dem m\u00f6glichst neuesten Stand zu halten. Sie k\u00f6nnen jede Cookie-Kategorie einzeln abw\u00e4hlen, indem Sie auf die Schaltfl\u00e4che \u00abCookie-Einstellungen\u00bb unten klicken. Notwendige Cookies k\u00f6nnen nicht deaktiviert werden und das Tool kann nicht verwendet werden, um Cookies auf von unserer Website verlinkten Websites von Dritten zu blockieren.<\/p>\n<\/div><div class=\"fusion-title title fusion-title-9 fusion-sep-none fusion-title-center fusion-title-text fusion-title-size-three\" style=\"--awb-margin-top:0px;--awb-margin-top-small:0px;--awb-margin-right-small:0px;--awb-margin-bottom-small:15px;--awb-margin-left-small:0px;\"><h3 class=\"fusion-title-heading title-heading-center fusion-responsive-typography-calculated\" style=\"margin:0;text-transform:none;--fontSize:30;line-height:var(--awb-typography2-line-height);\">Cookie-Einstellungen<\/h3><\/div><div class=\"fusion-title title fusion-title-10 fusion-sep-none fusion-title-center fusion-title-text fusion-title-size-four\" style=\"--awb-margin-top:0px;--awb-margin-top-small:0px;--awb-margin-right-small:0px;--awb-margin-bottom-small:15px;--awb-margin-left-small:0px;\"><h4 class=\"fusion-title-heading title-heading-center fusion-responsive-typography-calculated\" style=\"margin:0;text-transform:none;--fontSize:24;line-height:1.3333;\">Nutzung Ihres Browsers<\/h4><\/div><div class=\"fusion-text fusion-text-7\" style=\"--awb-content-alignment:center;\"><p>Viele der auf unserer Website verwendeten Cookies k\u00f6nnen \u00fcber das Datenschutz-Einstellungscenter von Lindt Cocoa Foundation aktiviert oder deaktiviert werden, oder Sie k\u00f6nnen die Cookies \u00fcber Ihren Browser deaktivieren. Die Mehrzahl der Web-Browser ist so eingestellt, dass Cookies akzeptiert werden. Sie k\u00f6nnen Ihren Browser jedoch so einstellen, dass \u2013 sofern Sie dies w\u00fcnschen \u2013 die Anzahl akzeptierter Cookies beschr\u00e4nkt wird oder alle Cookies blockiert werden, indem Sie die Browsereinstellungen wie folgt \u00e4ndern:<\/p>\n<\/div><div class=\"fusion-text fusion-text-8 fusion-text-no-margin\" style=\"--awb-margin-bottom:40px;\"><ul>\n<li>Microsoft Internet Explorer: Klicken Sie auf \u00abExtras\u00bb in der rechten oberen Ecke und w\u00e4hlen Sie \u00abInternetoptionen\u00bb aus. W\u00e4hlen Sie im sich \u00f6ffnenden Fenster die Registerkarte \u00abDatenschutz\u00bb aus. Hier k\u00f6nnen Sie die Cookie-Einstellungen \u00e4ndern.<\/li>\n<li>Google Chrome: Klicken Sie auf das Symbol in der rechten oberen Ecke und w\u00e4hlen Sie \u00abEinstellungen\u00bb aus. W\u00e4hlen Sie anschliessend \u00abErweiterte Einstellungen anzeigen\u00bb aus und \u00e4ndern Sie die \u00abDatenschutz\u00bb-Einstellungen.<\/li>\n<li>Mozilla Firefox: W\u00e4hlen Sie im Men\u00fc rechts oben \u00abEinstellungen\u00bb aus. W\u00e4hlen Sie im sich \u00f6ffnenden Fenster \u00abDatenschutz\u00bb aus. Hier k\u00f6nnen Sie die Cookie-Einstellungen \u00e4ndern.<\/li>\n<li>Safari: W\u00e4hlen Sie im Men\u00fc rechts oben \u00abEinstellungen\u00bb aus. W\u00e4hlen Sie anschliessend \u00abSicherheit\u00bb aus und \u00e4ndern Sie die Cookie-Einstellungen.<\/li>\n<\/ul>\n<\/div><div class=\"fusion-text fusion-text-9 fusion-text-no-margin\" style=\"--awb-content-alignment:center;--awb-margin-bottom:60px;\"><p>Um diesen Vorgang auf mobilen Ger\u00e4ten durchzuf\u00fchren, lesen Sie bitte das Handbuch des Ger\u00e4ts.&nbsp;Bitte beachten Sie, dass bestimmte Funktionen nicht verf\u00fcgbar sein k\u00f6nnen, wenn Sie alle Cookies auf der Website deaktivieren.<\/p>\n<p>Alternativ k\u00f6nnen Sie auch&nbsp;<a href=\"https:\/\/www.allaboutcookies.org\/ge\/\">http:\/\/www.allaboutcookies.org\/ge\/<\/a>&nbsp;besuchen, wo Sie umfassende Informationen zum Verwalten und Blockieren von Cookies finden, die sich auf eine Vielzahl von Browsern beziehen (<a href=\"https:\/\/www.allaboutcookies.org\/ge\/cookies-verwalten\/\">http:\/\/www.allaboutcookies.org\/ge\/cookies-verwalten\/<\/a>).&nbsp;Wir behalten uns das Recht vor, diese Cookie-Richtlinie zu \u00e4ndern und zu berichtigen. Falls erforderlich werden wir um Ihre Einwilligung in neue Cookies und andere Tracking-Technologien erneut anfragen. Bitte besuchen Sie diese Seite gelegentlich, um unsere Liste von Cookies und anderen Tracking-Technologien zu \u00fcberpr\u00fcfen.<\/p>\n<\/div><\/div><\/div><\/div><\/div>\n","protected":false},"excerpt":{"rendered":"","protected":false},"author":1,"featured_media":0,"parent":0,"menu_order":0,"comment_status":"closed","ping_status":"closed","template":"100-width.php","meta":{"_acf_changed":false,"footnotes":"","_links_to":"","_links_to_target":""},"class_list":["post-3480","page","type-page","status-publish","hentry"],"acf":[],"yoast_head":"<!-- This site is optimized with the Yoast SEO plugin v27.5 - https:\/\/yoast.com\/product\/yoast-seo-wordpress\/ -->\n<title>Cookie-Richtlinien - Lindt Cocoa Foundation<\/title>\n<meta name=\"robots\" content=\"index, follow, max-snippet:-1, max-image-preview:large, max-video-preview:-1\" \/>\n<link rel=\"canonical\" href=\"https:\/\/lindtcocoafoundation.org\/de\/cookie-richtlinien\/\" \/>\n<meta property=\"og:locale\" content=\"de_DE\" \/>\n<meta property=\"og:type\" content=\"article\" \/>\n<meta property=\"og:title\" content=\"Cookie-Richtlinien - Lindt Cocoa Foundation\" \/>\n<meta property=\"og:url\" content=\"https:\/\/lindtcocoafoundation.org\/de\/cookie-richtlinien\/\" \/>\n<meta property=\"og:site_name\" content=\"Lindt Cocoa Foundation\" \/>\n<meta property=\"article:modified_time\" content=\"2025-07-31T15:39:23+00:00\" \/>\n<meta name=\"twitter:card\" content=\"summary_large_image\" \/>\n<script type=\"application\/ld+json\" class=\"yoast-schema-graph\">{\"@context\":\"https:\\\/\\\/schema.org\",\"@graph\":[{\"@type\":\"WebPage\",\"@id\":\"https:\\\/\\\/lindtcocoafoundation.org\\\/de\\\/cookie-richtlinien\\\/\",\"url\":\"https:\\\/\\\/lindtcocoafoundation.org\\\/de\\\/cookie-richtlinien\\\/\",\"name\":\"Cookie-Richtlinien - Lindt Cocoa Foundation\",\"isPartOf\":{\"@id\":\"https:\\\/\\\/lindtcocoafoundation.org\\\/#website\"},\"datePublished\":\"2025-07-31T08:46:42+00:00\",\"dateModified\":\"2025-07-31T15:39:23+00:00\",\"breadcrumb\":{\"@id\":\"https:\\\/\\\/lindtcocoafoundation.org\\\/de\\\/cookie-richtlinien\\\/#breadcrumb\"},\"inLanguage\":\"de\",\"potentialAction\":[{\"@type\":\"ReadAction\",\"target\":[\"https:\\\/\\\/lindtcocoafoundation.org\\\/de\\\/cookie-richtlinien\\\/\"]}]},{\"@type\":\"BreadcrumbList\",\"@id\":\"https:\\\/\\\/lindtcocoafoundation.org\\\/de\\\/cookie-richtlinien\\\/#breadcrumb\",\"itemListElement\":[{\"@type\":\"ListItem\",\"position\":1,\"name\":\"Home\",\"item\":\"https:\\\/\\\/lindtcocoafoundation.org\\\/de\\\/\"},{\"@type\":\"ListItem\",\"position\":2,\"name\":\"Cookie-Richtlinien\"}]},{\"@type\":\"WebSite\",\"@id\":\"https:\\\/\\\/lindtcocoafoundation.org\\\/#website\",\"url\":\"https:\\\/\\\/lindtcocoafoundation.org\\\/\",\"name\":\"Lindt Cocoa Foundation\",\"description\":\"\",\"potentialAction\":[{\"@type\":\"SearchAction\",\"target\":{\"@type\":\"EntryPoint\",\"urlTemplate\":\"https:\\\/\\\/lindtcocoafoundation.org\\\/?s={search_term_string}\"},\"query-input\":{\"@type\":\"PropertyValueSpecification\",\"valueRequired\":true,\"valueName\":\"search_term_string\"}}],\"inLanguage\":\"de\"}]}<\/script>\n<!-- \/ Yoast SEO plugin. -->","yoast_head_json":{"title":"Cookie-Richtlinien - Lindt Cocoa Foundation","robots":{"index":"index","follow":"follow","max-snippet":"max-snippet:-1","max-image-preview":"max-image-preview:large","max-video-preview":"max-video-preview:-1"},"canonical":"https:\/\/lindtcocoafoundation.org\/de\/cookie-richtlinien\/","og_locale":"de_DE","og_type":"article","og_title":"Cookie-Richtlinien - Lindt Cocoa Foundation","og_url":"https:\/\/lindtcocoafoundation.org\/de\/cookie-richtlinien\/","og_site_name":"Lindt Cocoa Foundation","article_modified_time":"2025-07-31T15:39:23+00:00","twitter_card":"summary_large_image","schema":{"@context":"https:\/\/schema.org","@graph":[{"@type":"WebPage","@id":"https:\/\/lindtcocoafoundation.org\/de\/cookie-richtlinien\/","url":"https:\/\/lindtcocoafoundation.org\/de\/cookie-richtlinien\/","name":"Cookie-Richtlinien - Lindt Cocoa Foundation","isPartOf":{"@id":"https:\/\/lindtcocoafoundation.org\/#website"},"datePublished":"2025-07-31T08:46:42+00:00","dateModified":"2025-07-31T15:39:23+00:00","breadcrumb":{"@id":"https:\/\/lindtcocoafoundation.org\/de\/cookie-richtlinien\/#breadcrumb"},"inLanguage":"de","potentialAction":[{"@type":"ReadAction","target":["https:\/\/lindtcocoafoundation.org\/de\/cookie-richtlinien\/"]}]},{"@type":"BreadcrumbList","@id":"https:\/\/lindtcocoafoundation.org\/de\/cookie-richtlinien\/#breadcrumb","itemListElement":[{"@type":"ListItem","position":1,"name":"Home","item":"https:\/\/lindtcocoafoundation.org\/de\/"},{"@type":"ListItem","position":2,"name":"Cookie-Richtlinien"}]},{"@type":"WebSite","@id":"https:\/\/lindtcocoafoundation.org\/#website","url":"https:\/\/lindtcocoafoundation.org\/","name":"Lindt Cocoa Foundation","description":"","potentialAction":[{"@type":"SearchAction","target":{"@type":"EntryPoint","urlTemplate":"https:\/\/lindtcocoafoundation.org\/?s={search_term_string}"},"query-input":{"@type":"PropertyValueSpecification","valueRequired":true,"valueName":"search_term_string"}}],"inLanguage":"de"}]}},"_links":{"self":[{"href":"https:\/\/lindtcocoafoundation.org\/de\/wp-json\/wp\/v2\/pages\/3480","targetHints":{"allow":["GET"]}}],"collection":[{"href":"https:\/\/lindtcocoafoundation.org\/de\/wp-json\/wp\/v2\/pages"}],"about":[{"href":"https:\/\/lindtcocoafoundation.org\/de\/wp-json\/wp\/v2\/types\/page"}],"author":[{"embeddable":true,"href":"https:\/\/lindtcocoafoundation.org\/de\/wp-json\/wp\/v2\/users\/1"}],"replies":[{"embeddable":true,"href":"https:\/\/lindtcocoafoundation.org\/de\/wp-json\/wp\/v2\/comments?post=3480"}],"version-history":[{"count":4,"href":"https:\/\/lindtcocoafoundation.org\/de\/wp-json\/wp\/v2\/pages\/3480\/revisions"}],"predecessor-version":[{"id":3510,"href":"https:\/\/lindtcocoafoundation.org\/de\/wp-json\/wp\/v2\/pages\/3480\/revisions\/3510"}],"wp:attachment":[{"href":"https:\/\/lindtcocoafoundation.org\/de\/wp-json\/wp\/v2\/media?parent=3480"}],"curies":[{"name":"wp","href":"https:\/\/api.w.org\/{rel}","templated":true}]}}