{"id":3479,"date":"2025-07-31T08:24:03","date_gmt":"2025-07-31T08:24:03","guid":{"rendered":"https:\/\/lindtcocoafoundation.org\/?page_id=3479"},"modified":"2025-07-31T12:00:26","modified_gmt":"2025-07-31T12:00:26","slug":"nutzungsbedingungen","status":"publish","type":"page","link":"https:\/\/lindtcocoafoundation.org\/de\/nutzungsbedingungen\/","title":{"rendered":"Nutzungsbedingungen"},"content":{"rendered":"<div class=\"fusion-fullwidth fullwidth-box fusion-builder-row-1 fusion-flex-container has-pattern-background has-mask-background nonhundred-percent-fullwidth non-hundred-percent-height-scrolling\" style=\"--awb-border-radius-top-left:0px;--awb-border-radius-top-right:0px;--awb-border-radius-bottom-right:0px;--awb-border-radius-bottom-left:0px;--awb-flex-wrap:wrap;\" ><div class=\"fusion-builder-row fusion-row fusion-flex-align-items-flex-start fusion-flex-content-wrap\" style=\"max-width:1523.6px;margin-left: calc(-4% \/ 2 );margin-right: calc(-4% \/ 2 );\"><div class=\"fusion-layout-column fusion_builder_column fusion-builder-column-0 fusion_builder_column_1_1 1_1 fusion-flex-column\" style=\"--awb-padding-right:300px;--awb-padding-left:300px;--awb-padding-right-medium:150px;--awb-padding-left-medium:150px;--awb-padding-right-small:30px;--awb-padding-left-small:30px;--awb-bg-size:cover;--awb-width-large:100%;--awb-spacing-right-large:1.92%;--awb-margin-bottom-large:30px;--awb-spacing-left-large:1.92%;--awb-width-medium:100%;--awb-order-medium:0;--awb-spacing-right-medium:1.92%;--awb-spacing-left-medium:1.92%;--awb-width-small:100%;--awb-order-small:0;--awb-spacing-right-small:1.92%;--awb-spacing-left-small:1.92%;\"><div class=\"fusion-column-wrapper fusion-column-has-shadow fusion-flex-justify-content-flex-start fusion-content-layout-column\"><div class=\"fusion-title title fusion-title-1 fusion-sep-none fusion-title-center fusion-title-text fusion-title-size-five\" style=\"--awb-margin-top:0px;--awb-margin-top-small:0px;--awb-margin-right-small:0px;--awb-margin-bottom-small:15px;--awb-margin-left-small:0px;\"><h5 class=\"fusion-title-heading title-heading-center fusion-responsive-typography-calculated\" style=\"margin:0;text-transform:none;--fontSize:20;--minFontSize:20;line-height:1.4;\">NUTZUNGSBEDINGUNGEN<\/h5><\/div><div class=\"fusion-title title fusion-title-2 fusion-sep-none fusion-title-center fusion-title-text fusion-title-size-three\" style=\"--awb-margin-top:0px;--awb-margin-top-small:0px;--awb-margin-right-small:0px;--awb-margin-bottom-small:15px;--awb-margin-left-small:0px;\"><h3 class=\"fusion-title-heading title-heading-center fusion-responsive-typography-calculated\" style=\"margin:0;text-transform:none;--fontSize:30;line-height:var(--awb-typography2-line-height);\">Nutzungsbedingungen f\u00fcr Websites, Applikationen und andere Seiten in sozialen Medien<\/h3><\/div><div class=\"fusion-text fusion-text-1\" style=\"--awb-content-alignment:center;\"><p>Wir freuen uns \u00fcber Ihren Besuch auf unserer Website.<\/p>\n<\/div><div class=\"fusion-text fusion-text-2\" style=\"--awb-content-alignment:center;\"><p>Wir respektieren und wahren das Vertrauen der Besucher unseres Internetauftritts, zu dem unsere Website geh\u00f6rt.&nbsp;Diese Nutzungsbedingungen gelten f\u00fcr alle Personen, die mit unserer Website interagieren. Ihr Zugriff und Ihre Nutzung der von der Lindt Cocoa Foundation betriebenen \u00abLindt Cocoa Foundation\u00bb-Website unterliegen diesen Nutzungsbedingungen. Mit Ihrem Zugriff und dem Browsen auf unseren Websites und deren Nutzung best\u00e4tigen Sie, dass Sie diese Nutzungsbedingungen gelesen, verstanden und angenommen haben.&nbsp;Wir behalten uns das Recht vor, diese Nutzungsbedingungen von Zeit zu Zeit zu aktualisieren, insbesondere aus rechtlichen oder regulatorischen Gr\u00fcnden oder um eine optimale Funktionsweise der Websites zu erm\u00f6glichen.<\/p>\n<\/div><\/div><\/div><div class=\"fusion-layout-column fusion_builder_column fusion-builder-column-1 fusion_builder_column_1_1 1_1 fusion-flex-column\" style=\"--awb-padding-right:300px;--awb-padding-left:300px;--awb-padding-right-medium:150px;--awb-padding-left-medium:150px;--awb-padding-right-small:30px;--awb-padding-left-small:30px;--awb-bg-size:cover;--awb-width-large:100%;--awb-spacing-right-large:1.92%;--awb-margin-bottom-large:0px;--awb-spacing-left-large:1.92%;--awb-width-medium:100%;--awb-order-medium:0;--awb-spacing-right-medium:1.92%;--awb-spacing-left-medium:1.92%;--awb-width-small:100%;--awb-order-small:0;--awb-spacing-right-small:1.92%;--awb-spacing-left-small:1.92%;\"><div class=\"fusion-column-wrapper fusion-column-has-shadow fusion-flex-justify-content-flex-start fusion-content-layout-column\"><div class=\"fusion-title title fusion-title-3 fusion-sep-none fusion-title-center fusion-title-text fusion-title-size-three\" style=\"--awb-margin-top:0px;--awb-margin-top-small:0px;--awb-margin-right-small:0px;--awb-margin-bottom-small:15px;--awb-margin-left-small:0px;\"><h3 class=\"fusion-title-heading title-heading-center fusion-responsive-typography-calculated\" style=\"margin:0;text-transform:none;--fontSize:30;line-height:var(--awb-typography2-line-height);\">IMMATERIALG\u00dcTER\u00acRECHTE<\/h3><\/div><div class=\"fusion-text fusion-text-3 fusion-text-no-margin\" style=\"--awb-content-alignment:center;--awb-margin-bottom:40px;\"><p>Die Lindt Cocoa Foundation ist Eigent\u00fcmerin bzw. berechtigte Nutzerin aller Urheber-, Marken- und sonstigen Immaterialg\u00fcterrechte an allen Texten, Bildern und weiteren Inhalte der Websites. Wir gestatten Ihnen, auf den Websites zu browsen und Ausz\u00fcge f\u00fcr Ihren pers\u00f6nlichen Gebrauch zu vervielf\u00e4ltigen, sofern Sie keine der Urheberrechts- und Markenhinweise entfernen. Vervielf\u00e4ltigung, Verkauf oder Nutzung zu gewerblichen Zwecken sind nicht gestattet. Sie sichern zu, dass Sie Eigent\u00fcmer aller Rechte an den eingesendeten Inhalten sind, einschliesslich der auf der Website befindlichen Ideen, R\u00fcckmeldungen oder des Erfahrungswissens, oder das Sie die Erlaubnis eingeholt haben, diese mit uns zu teilen. Sie stimmen weiterhin zu, dass die Lindt Cocoa Foundation Ihre eingesendeten Inhalte unentgeltlich weiterverwenden darf. F\u00fcr weitere Informationen (wie Bilder, Texte, Dateien, Medien), auf die Sie auf den Websites zugreifen k\u00f6nnen, ist allein die urspr\u00fcngliche Quelle dieser Inhalte verantwortlich. Die LINDT COCOA FOUNDATION sichert nicht zu, dass Ihre Nutzung der auf den Websites dargestellten Inhalte keine Rechte Dritter verletzt.<\/p>\n<\/div><div class=\"fusion-title title fusion-title-4 fusion-sep-none fusion-title-center fusion-title-text fusion-title-size-three\" style=\"--awb-margin-top:0px;--awb-margin-top-small:0px;--awb-margin-right-small:0px;--awb-margin-bottom-small:15px;--awb-margin-left-small:0px;\"><h3 class=\"fusion-title-heading title-heading-center fusion-responsive-typography-calculated\" style=\"margin:0;text-transform:none;--fontSize:30;line-height:var(--awb-typography2-line-height);\">SONSTIGE INFORMATIONEN IM ZUSAMMENHANG MIT UNSEREN WEBSITES<\/h3><\/div><div class=\"fusion-text fusion-text-4 fusion-text-no-margin\" style=\"--awb-content-alignment:center;--awb-margin-bottom:40px;\"><p>Alle personenbezogenen Daten, die Sie uns \u00fcber das Internet mitteilen, sind gem\u00e4ss unserer Datenschutzrichtlinie gesch\u00fctzt. Bitte lesen Sie diese Datenschutzrichtlinie aufmerksam durch, bevor Sie uns personenbezogene Daten \u00fcberlassen. Weitere Informationen oder Materialien, die \u00fcber das Internet, per E-Mail oder anderweitig an die LINDT COCOA FOUNDATION \u00fcbermittelt werden, einschliesslich aller Dateien, Kommentare und Vorschl\u00e4ge, sind und werden nicht vertraulich behandelt und sind nicht urheberrechtlich gesch\u00fctzt. Sie d\u00fcrfen unsere Website nicht dazu nutzen, um die Datenschutzrechte Dritter zu verletzen und\/oder die LINDT COCOA FOUNDATION, ihre Benutzer oder Partner zu verunglimpfen, unsere Systeme mit Viren anzugreifen oder Sicherheitsprobleme zu verursachen. Sie d\u00fcrfen Links zu unseren Websites setzen, sofern Sie damit nicht zum Ausdruck bringen, dass Sie mit uns verbunden sind oder von uns empfohlen werden. Sie d\u00fcrfen kein \u00abFraming\u00bb, \u00abDeep-Linking\u00bb oder \u00e4hnliche Praktiken anwenden und m\u00fcssen sicherstellen, dass der Link zur Website in einem neuen Fenster ge\u00f6ffnet wird.<\/p>\n<\/div><div class=\"fusion-title title fusion-title-5 fusion-sep-none fusion-title-center fusion-title-text fusion-title-size-three\" style=\"--awb-margin-top:0px;--awb-margin-top-small:0px;--awb-margin-right-small:0px;--awb-margin-bottom-small:15px;--awb-margin-left-small:0px;\"><h3 class=\"fusion-title-heading title-heading-center fusion-responsive-typography-calculated\" style=\"margin:0;text-transform:none;--fontSize:30;line-height:var(--awb-typography2-line-height);\">UNSERE HAFTUNG<\/h3><\/div><div class=\"fusion-text fusion-text-5 fusion-text-no-margin\" style=\"--awb-content-alignment:center;--awb-margin-bottom:40px;\"><p>Obwohl wir uns bem\u00fchen, Ihnen bestm\u00f6gliche Dienste zu bieten, k\u00f6nnen wir nicht zusichern, dass die Dienste auf der Website Ihren Anforderungen entsprechen, die Dienste fehlerfrei sind oder die Website jederzeit verf\u00fcgbar ist.&nbsp;Als Dienstleistung f\u00fcr unsere Besucher k\u00f6nnen unsere Website Hypertext-Links enthalten, die Sie zu anderen Websites weiterleiten, die nicht von der LINDT COCOA FOUNDATION betrieben oder beherrscht werden. Die LINDT COCOA FOUNDATION ist f\u00fcr diese Websites nicht rechenschaftspflichtig und lehnt daher jede Verantwortung oder Haftung in Bezug auf deren Inhalt, Rechtm\u00e4ssigkeit, Richtigkeit oder Funktionen ab.&nbsp;Obwohl die LINDT COCOA FOUNDATION angemessene Anstrengungen unternimmt, um Viren oder andere sch\u00e4dliche Computercodes von den Websites fernzuhalten, wird in Bezug auf Viren oder solche Computercodes keine Zusicherung gegeben und keine Haftung \u00fcbernommen.&nbsp;Die LINDT COCOA FOUNDATION, ihre leitenden Angestellten, Stiftungsr\u00e4te, Gesch\u00e4ftsf\u00fchrer, Mitarbeitenden, oder Beauftragten schliessen im gesetzlich zul\u00e4ssigen Umfang jede Haftung und Verantwortung f\u00fcr mittelbare oder unmittelbare Verluste oder Sch\u00e4den jeder Art (einschliesslich entgangenen Gewinns, erwarteter Einsparungen oder nutzlos erfolgter Ausgaben) aus, die sich aus bzw. im Zusammenhang mit Ihrem Zugriff auf unsere Websites, deren Nutzung oder im Vertrauen auf unsere Websites unabh\u00e4ngig davon ergeben, ob ein solcher Verlust oder Schaden im gew\u00f6hnlichen Verlauf der Ereignisse eintreten w\u00fcrde, vorhersehbar ist oder durch Fehler oder Unterlassungen auf den Websites (ob fahrl\u00e4ssig oder nicht) verursacht wird. Dar\u00fcber hinaus schliessen die LINDT COCOA FOUNDATION, ihre leitenden Angestellten, Stiftungsr\u00e4te, Gesch\u00e4ftsf\u00fchrer, Mitarbeitenden, oder Beauftragten in jedem Fall jegliche Haftung und Verantwortung im Zusammenhang mit der Nutzung von verlinkten Websites Dritter oder dem Zugriff auf solche Websites aus.&nbsp;Im gesetzlich zul\u00e4ssigen Umfang verzichten Sie ausdr\u00fccklich auf alle Anspr\u00fcche gegen\u00fcber der LINDT COCOA FOUNDATION, ihren leitenden Angestellten, Stiftungsr\u00e4te Gesch\u00e4ftsf\u00fchrern, Mitarbeitenden, oder Beauftragten, die sich aus Ihrer Nutzung oder Ihrem Zugriff auf unsere Websites ergeben k\u00f6nnen.<\/p>\n<\/div><div class=\"fusion-title title fusion-title-6 fusion-sep-none fusion-title-center fusion-title-text fusion-title-size-three\" style=\"--awb-margin-top:0px;--awb-margin-top-small:0px;--awb-margin-right-small:0px;--awb-margin-bottom-small:15px;--awb-margin-left-small:0px;\"><h3 class=\"fusion-title-heading title-heading-center fusion-responsive-typography-calculated\" style=\"margin:0;text-transform:none;--fontSize:30;line-height:var(--awb-typography2-line-height);\">GELTENDES RECHT UND GERICHTSSTAND<\/h3><\/div><div class=\"fusion-text fusion-text-6 fusion-text-no-margin\" style=\"--awb-content-alignment:center;--awb-margin-bottom:40px;\"><p>Diese Nutzungsbedingungen sowie die Nutzung dieser Website unterliegen schweizerischem materiellem Recht, ohne Ber\u00fccksichtigung der Grunds\u00e4tze des Kollisionsrechts. Ausschliesslicher Gerichtsstand f\u00fcr alle Streitf\u00e4lle oder Anspr\u00fcche im Zusammenhang mit diesen Nutzungsbedingungen ist Z\u00fcrich 1, Schweiz. Die LINDT COCOA FOUNDATION ist jedoch berechtigt, bei jedem anderen zust\u00e4ndigen Gericht ein Verfahren anzustrengen.&nbsp;Diese Website wird von oder im Auftrag der Lindt Cocoa Foundation betrieben, die in der Schweiz unter der Nummer CHE-472.907.355 mit Sitz unter der Anschrift Seestrasse 204, 8802 Kilchberg, Schweiz eingetragen ist. Wenn Sie Fragen zu diesen Nutzungsbedingungen haben, kontaktieren Sie uns bitte \u00fcber das Online-Formular:&nbsp;&nbsp;oder wenden Sie sich unter oben genannten Anschrift an uns.&nbsp;Wird eine Bedingung f\u00fcr rechtswidrig oder anderweitig nicht durchsetzbar erkl\u00e4rt, wird die betreffende Bedingung aus den Nutzungsbedingungen gestrichen. Die \u00fcbrigen durchsetzbaren Bedingungen bleiben in vollem Umfang wirksam.<\/p>\n<p>&nbsp;<\/p>\n<\/div><\/div><\/div><\/div><\/div>\n","protected":false},"excerpt":{"rendered":"","protected":false},"author":1,"featured_media":0,"parent":0,"menu_order":0,"comment_status":"closed","ping_status":"closed","template":"100-width.php","meta":{"_acf_changed":false,"footnotes":"","_links_to":"","_links_to_target":""},"class_list":["post-3479","page","type-page","status-publish","hentry"],"acf":[],"yoast_head":"<!-- This site is optimized with the Yoast SEO plugin v27.4 - https:\/\/yoast.com\/product\/yoast-seo-wordpress\/ -->\n<title>Nutzungsbedingungen - Lindt Cocoa Foundation<\/title>\n<meta name=\"robots\" content=\"index, follow, max-snippet:-1, max-image-preview:large, max-video-preview:-1\" \/>\n<link rel=\"canonical\" href=\"https:\/\/lindtcocoafoundation.org\/de\/nutzungsbedingungen\/\" \/>\n<meta property=\"og:locale\" content=\"de_DE\" \/>\n<meta property=\"og:type\" content=\"article\" \/>\n<meta property=\"og:title\" content=\"Nutzungsbedingungen - Lindt Cocoa Foundation\" \/>\n<meta property=\"og:url\" content=\"https:\/\/lindtcocoafoundation.org\/de\/nutzungsbedingungen\/\" \/>\n<meta property=\"og:site_name\" content=\"Lindt Cocoa Foundation\" \/>\n<meta property=\"article:modified_time\" content=\"2025-07-31T12:00:26+00:00\" \/>\n<meta name=\"twitter:card\" content=\"summary_large_image\" \/>\n<script type=\"application\/ld+json\" class=\"yoast-schema-graph\">{\"@context\":\"https:\\\/\\\/schema.org\",\"@graph\":[{\"@type\":\"WebPage\",\"@id\":\"https:\\\/\\\/lindtcocoafoundation.org\\\/de\\\/nutzungsbedingungen\\\/\",\"url\":\"https:\\\/\\\/lindtcocoafoundation.org\\\/de\\\/nutzungsbedingungen\\\/\",\"name\":\"Nutzungsbedingungen - Lindt Cocoa Foundation\",\"isPartOf\":{\"@id\":\"https:\\\/\\\/lindtcocoafoundation.org\\\/#website\"},\"datePublished\":\"2025-07-31T08:24:03+00:00\",\"dateModified\":\"2025-07-31T12:00:26+00:00\",\"breadcrumb\":{\"@id\":\"https:\\\/\\\/lindtcocoafoundation.org\\\/de\\\/nutzungsbedingungen\\\/#breadcrumb\"},\"inLanguage\":\"de\",\"potentialAction\":[{\"@type\":\"ReadAction\",\"target\":[\"https:\\\/\\\/lindtcocoafoundation.org\\\/de\\\/nutzungsbedingungen\\\/\"]}]},{\"@type\":\"BreadcrumbList\",\"@id\":\"https:\\\/\\\/lindtcocoafoundation.org\\\/de\\\/nutzungsbedingungen\\\/#breadcrumb\",\"itemListElement\":[{\"@type\":\"ListItem\",\"position\":1,\"name\":\"Home\",\"item\":\"https:\\\/\\\/lindtcocoafoundation.org\\\/de\\\/\"},{\"@type\":\"ListItem\",\"position\":2,\"name\":\"Nutzungsbedingungen\"}]},{\"@type\":\"WebSite\",\"@id\":\"https:\\\/\\\/lindtcocoafoundation.org\\\/#website\",\"url\":\"https:\\\/\\\/lindtcocoafoundation.org\\\/\",\"name\":\"Lindt Cocoa Foundation\",\"description\":\"\",\"potentialAction\":[{\"@type\":\"SearchAction\",\"target\":{\"@type\":\"EntryPoint\",\"urlTemplate\":\"https:\\\/\\\/lindtcocoafoundation.org\\\/?s={search_term_string}\"},\"query-input\":{\"@type\":\"PropertyValueSpecification\",\"valueRequired\":true,\"valueName\":\"search_term_string\"}}],\"inLanguage\":\"de\"}]}<\/script>\n<!-- \/ Yoast SEO plugin. -->","yoast_head_json":{"title":"Nutzungsbedingungen - Lindt Cocoa Foundation","robots":{"index":"index","follow":"follow","max-snippet":"max-snippet:-1","max-image-preview":"max-image-preview:large","max-video-preview":"max-video-preview:-1"},"canonical":"https:\/\/lindtcocoafoundation.org\/de\/nutzungsbedingungen\/","og_locale":"de_DE","og_type":"article","og_title":"Nutzungsbedingungen - Lindt Cocoa Foundation","og_url":"https:\/\/lindtcocoafoundation.org\/de\/nutzungsbedingungen\/","og_site_name":"Lindt Cocoa Foundation","article_modified_time":"2025-07-31T12:00:26+00:00","twitter_card":"summary_large_image","schema":{"@context":"https:\/\/schema.org","@graph":[{"@type":"WebPage","@id":"https:\/\/lindtcocoafoundation.org\/de\/nutzungsbedingungen\/","url":"https:\/\/lindtcocoafoundation.org\/de\/nutzungsbedingungen\/","name":"Nutzungsbedingungen - Lindt Cocoa Foundation","isPartOf":{"@id":"https:\/\/lindtcocoafoundation.org\/#website"},"datePublished":"2025-07-31T08:24:03+00:00","dateModified":"2025-07-31T12:00:26+00:00","breadcrumb":{"@id":"https:\/\/lindtcocoafoundation.org\/de\/nutzungsbedingungen\/#breadcrumb"},"inLanguage":"de","potentialAction":[{"@type":"ReadAction","target":["https:\/\/lindtcocoafoundation.org\/de\/nutzungsbedingungen\/"]}]},{"@type":"BreadcrumbList","@id":"https:\/\/lindtcocoafoundation.org\/de\/nutzungsbedingungen\/#breadcrumb","itemListElement":[{"@type":"ListItem","position":1,"name":"Home","item":"https:\/\/lindtcocoafoundation.org\/de\/"},{"@type":"ListItem","position":2,"name":"Nutzungsbedingungen"}]},{"@type":"WebSite","@id":"https:\/\/lindtcocoafoundation.org\/#website","url":"https:\/\/lindtcocoafoundation.org\/","name":"Lindt Cocoa Foundation","description":"","potentialAction":[{"@type":"SearchAction","target":{"@type":"EntryPoint","urlTemplate":"https:\/\/lindtcocoafoundation.org\/?s={search_term_string}"},"query-input":{"@type":"PropertyValueSpecification","valueRequired":true,"valueName":"search_term_string"}}],"inLanguage":"de"}]}},"_links":{"self":[{"href":"https:\/\/lindtcocoafoundation.org\/de\/wp-json\/wp\/v2\/pages\/3479","targetHints":{"allow":["GET"]}}],"collection":[{"href":"https:\/\/lindtcocoafoundation.org\/de\/wp-json\/wp\/v2\/pages"}],"about":[{"href":"https:\/\/lindtcocoafoundation.org\/de\/wp-json\/wp\/v2\/types\/page"}],"author":[{"embeddable":true,"href":"https:\/\/lindtcocoafoundation.org\/de\/wp-json\/wp\/v2\/users\/1"}],"replies":[{"embeddable":true,"href":"https:\/\/lindtcocoafoundation.org\/de\/wp-json\/wp\/v2\/comments?post=3479"}],"version-history":[{"count":2,"href":"https:\/\/lindtcocoafoundation.org\/de\/wp-json\/wp\/v2\/pages\/3479\/revisions"}],"predecessor-version":[{"id":3484,"href":"https:\/\/lindtcocoafoundation.org\/de\/wp-json\/wp\/v2\/pages\/3479\/revisions\/3484"}],"wp:attachment":[{"href":"https:\/\/lindtcocoafoundation.org\/de\/wp-json\/wp\/v2\/media?parent=3479"}],"curies":[{"name":"wp","href":"https:\/\/api.w.org\/{rel}","templated":true}]}}