{"id":3318,"date":"2025-06-12T14:48:46","date_gmt":"2025-06-12T14:48:46","guid":{"rendered":"https:\/\/lindtcocoafoundation.org\/?page_id=3318"},"modified":"2025-08-12T11:18:30","modified_gmt":"2025-08-12T11:18:30","slug":"kakum-sustainable-landscape-project-zur-unterstuetzung-des-ablaufs-einer-lokalen-verwaltungsstruktur","status":"publish","type":"page","link":"https:\/\/lindtcocoafoundation.org\/de\/projekte\/ghana\/kakum-sustainable-landscape-project-zur-unterstuetzung-des-ablaufs-einer-lokalen-verwaltungsstruktur\/","title":{"rendered":"Kakum Sustainable Landscape Project zur Unterst\u00fctzung des Ablaufs einer lokalen Verwaltungsstruktur"},"content":{"rendered":"<div class=\"fusion-fullwidth fullwidth-box fusion-builder-row-1 fusion-flex-container has-pattern-background has-mask-background nonhundred-percent-fullwidth non-hundred-percent-height-scrolling\" style=\"--awb-border-radius-top-left:0px;--awb-border-radius-top-right:0px;--awb-border-radius-bottom-right:0px;--awb-border-radius-bottom-left:0px;--awb-flex-wrap:wrap;\" ><div class=\"fusion-builder-row fusion-row fusion-flex-align-items-flex-start fusion-flex-content-wrap\" style=\"max-width:1523.6px;margin-left: calc(-4% \/ 2 );margin-right: calc(-4% \/ 2 );\"><div class=\"fusion-layout-column fusion_builder_column fusion-builder-column-0 fusion_builder_column_1_2 1_2 fusion-flex-column fusion-animated\" style=\"--awb-bg-size:cover;--awb-width-large:50%;--awb-spacing-right-large:3.84%;--awb-margin-bottom-large:40px;--awb-spacing-left-large:3.84%;--awb-width-medium:100%;--awb-order-medium:0;--awb-spacing-right-medium:1.92%;--awb-spacing-left-medium:1.92%;--awb-width-small:100%;--awb-order-small:0;--awb-spacing-right-small:1.92%;--awb-spacing-left-small:1.92%;\" data-animationType=\"fadeInUp\" data-animationDuration=\"1.0\" data-animationOffset=\"top-into-view\"><div class=\"fusion-column-wrapper fusion-column-has-shadow fusion-flex-justify-content-flex-start fusion-content-layout-column\"><div class=\"fusion-title title fusion-title-1 fusion-sep-none fusion-title-text fusion-title-size-two\" style=\"--awb-margin-top:0px;--awb-margin-bottom:40px;--awb-margin-top-small:0px;--awb-margin-right-small:0px;--awb-margin-bottom-small:15px;--awb-margin-left-small:0px;\"><h2 class=\"fusion-title-heading title-heading-left fusion-responsive-typography-calculated\" style=\"margin:0;text-transform:none;--fontSize:48;line-height:var(--awb-typography1-line-height);\">Hintergrund<\/h2><\/div><div class=\"fusion-text fusion-text-1\"><p>Der Kakum-Nationalpark in der Zentralregion Ghanas beherbergt einen lebenswichtigen Regenwald, der durch Abholzung, Bodendegradation und Biodiversit\u00e4tsverlust stark bedroht ist. Ein von der Cocoa and Forests Initiative gef\u00f6rdertes Programm zur Reduzierung von Emissionen aus Entwaldung und Walddegradation in den Kakaow\u00e4ldern Ghanas begegnet diesen Herausforderungen durch die Fokussierung auf sogenannte Hotspot-Interventionsgebiete, in denen gemeindebasierte Verwaltungsmodelle zur Verbesserung der Landbewirtschaftung eingesetzt werden. Seit 2019 unterst\u00fctzt die Lindt Cocoa Foundation das Nature Conservation Research Centre bei der Umsetzung eines Landschaftskonzepts im Kakum-Gebiet mit einer Ausweitung der Massnahmen auf \u00fcber 96 000 Hektar durch Partnerschaften. In Phase II des Projekts geht es speziell um das ACOA-Sub-Hotspot-Interventionsgebiet mit den Schwerpunkten Governance, Schutz der Biodiversit\u00e4t und nachhaltige Kakaoproduktion im Einklang mit einer 20-Jahres-Vision und einem 5-Jahres-Managementplan.<\/p>\n<\/div><\/div><\/div><div class=\"fusion-layout-column fusion_builder_column fusion-builder-column-1 fusion_builder_column_1_2 1_2 fusion-flex-column fusion-animated\" style=\"--awb-padding-top:25px;--awb-padding-right:25px;--awb-padding-bottom:25px;--awb-padding-left:25px;--awb-bg-color:var(--awb-color2);--awb-bg-color-hover:var(--awb-color2);--awb-bg-size:cover;--awb-width-large:50%;--awb-spacing-right-large:3.84%;--awb-margin-bottom-large:40px;--awb-spacing-left-large:3.84%;--awb-width-medium:100%;--awb-order-medium:0;--awb-spacing-right-medium:1.92%;--awb-spacing-left-medium:1.92%;--awb-width-small:100%;--awb-order-small:0;--awb-spacing-right-small:1.92%;--awb-spacing-left-small:1.92%;\" data-animationType=\"fadeInUp\" data-animationDuration=\"1.0\" data-animationOffset=\"top-into-view\"><div class=\"fusion-column-wrapper fusion-column-has-shadow fusion-flex-justify-content-flex-start fusion-content-layout-column\"><div class=\"fusion-title title fusion-title-2 fusion-sep-none fusion-title-text fusion-title-size-one\" style=\"--awb-margin-top:0px;--awb-margin-bottom:40px;--awb-margin-top-small:0px;--awb-margin-right-small:0px;--awb-margin-bottom-small:15px;--awb-margin-left-small:0px;\"><h1 class=\"fusion-title-heading title-heading-left fusion-responsive-typography-calculated\" style=\"margin:0;text-transform:none;--fontSize:48;line-height:var(--awb-typography1-line-height);\">Eckdaten<\/h1><\/div><ul style=\"--awb-size:18px;--awb-margin-top:0px;--awb-margin-bottom:30px;--awb-iconcolor:var(--awb-custom_color_4);--awb-line-height:30.6px;--awb-icon-width:30.6px;--awb-icon-height:30.6px;--awb-icon-margin:12.6px;--awb-content-margin:43.2px;\" class=\"fusion-checklist fusion-checklist-1 fusion-checklist-default type-icons\"><li class=\"fusion-li-item\" style=\"\"><span class=\"icon-wrapper circle-no\"><i class=\"fusion-li-icon fa-angle-right fas\" aria-hidden=\"true\"><\/i><\/span><div class=\"fusion-li-item-content\">\n<p>Land und Region(en): Ghana<\/p>\n<\/div><\/li><li class=\"fusion-li-item\" style=\"\"><span class=\"icon-wrapper circle-no\"><i class=\"fusion-li-icon fa-angle-right fas\" aria-hidden=\"true\"><\/i><\/span><div class=\"fusion-li-item-content\">\n<p>Projektdauer: August 2024\u2013Juli 2027<\/p>\n<\/div><\/li><li class=\"fusion-li-item\" style=\"\"><span class=\"icon-wrapper circle-no\"><i class=\"fusion-li-icon fa-angle-right fas\" aria-hidden=\"true\"><\/i><\/span><div class=\"fusion-li-item-content\">\n<p>Projektpartner: Nature Conservation Research Centre (NCRC)<\/p>\n<\/div><\/li><li class=\"fusion-li-item\" style=\"\"><span class=\"icon-wrapper circle-no\"><i class=\"fusion-li-icon fa-angle-right fas\" aria-hidden=\"true\"><\/i><\/span><div class=\"fusion-li-item-content\">\n<p>Weitere Partner: Wildlife Division, privatwirtschaftliche Unternehmen<\/p>\n<\/div><\/li><li class=\"fusion-li-item\" style=\"\"><span class=\"icon-wrapper circle-no\"><i class=\"fusion-li-icon fa-angle-right fas\" aria-hidden=\"true\"><\/i><\/span><div class=\"fusion-li-item-content\">\n<p>Direkte und indirekte Stakeholder: Entscheidungstr\u00e4ger im Bereich Kakaonachhaltigkeit<\/p>\n<\/div><\/li><li class=\"fusion-li-item\" style=\"\"><span class=\"icon-wrapper circle-no\"><i class=\"fusion-li-icon fa-angle-right fas\" aria-hidden=\"true\"><\/i><\/span><div class=\"fusion-li-item-content\">\n<p>Schwerpunktbereiche: Schutz und Regeneration von \u00d6kosystemen<\/p>\n<\/div><\/li><li class=\"fusion-li-item\" style=\"\"><span class=\"icon-wrapper circle-no\"><i class=\"fusion-li-icon fa-angle-right fas\" aria-hidden=\"true\"><\/i><\/span><div class=\"fusion-li-item-content\">\n<p>Budget: CHF 330 037<\/p>\n<\/div><\/li><\/ul><div class=\"fusion-builder-row fusion-builder-row-inner fusion-row fusion-flex-align-items-flex-start fusion-flex-content-wrap\" style=\"--awb-flex-grow:0;--awb-flex-grow-medium:0;--awb-flex-grow-small:0;--awb-flex-shrink:0;--awb-flex-shrink-medium:0;--awb-flex-shrink-small:0;width:104% !important;max-width:104% !important;margin-left: calc(-4% \/ 2 );margin-right: calc(-4% \/ 2 );\"><div class=\"fusion-layout-column fusion_builder_column_inner fusion-builder-nested-column-0 fusion_builder_column_inner_1_1 1_1 fusion-flex-column\" style=\"--awb-bg-size:cover;--awb-width-large:100%;--awb-spacing-right-large:1.92%;--awb-margin-bottom-large:0px;--awb-spacing-left-large:1.92%;--awb-width-medium:100%;--awb-order-medium:0;--awb-spacing-right-medium:1.92%;--awb-spacing-left-medium:1.92%;--awb-width-small:100%;--awb-order-small:0;--awb-spacing-right-small:1.92%;--awb-spacing-left-small:1.92%;\"><div class=\"fusion-column-wrapper fusion-column-has-shadow fusion-flex-justify-content-flex-start fusion-content-layout-row\"><div ><a class=\"fusion-button button-flat button-xlarge button-custom fusion-button-default button-1 fusion-button-default-span fusion-button-default-type\" style=\"--awb-margin-top:15px;--awb-margin-right:15px;--button_accent_color:var(--awb-color5);--button_accent_hover_color:var(--awb-color1);--button_border_hover_color:var(--awb-color5);--button_gradient_top_color:var(--awb-color1);--button_gradient_bottom_color:var(--awb-color1);--button_gradient_top_color_hover:hsla(var(--awb-color5-h),var(--awb-color5-s),calc(var(--awb-color5-l) - 10%),var(--awb-color5-a));--button_gradient_bottom_color_hover:hsla(var(--awb-color5-h),var(--awb-color5-s),calc(var(--awb-color5-l) - 10%),var(--awb-color5-a));\" target=\"_blank\" rel=\"noopener noreferrer\" href=\"https:\/\/lindtcocoafoundation.org\/wp-content\/uploads\/2025\/07\/202409_Factsheet-LCF_NCRC_2024-2027.pdf\"><i class=\"fa-file-pdf fas awb-button__icon awb-button__icon--default button-icon-left\" aria-hidden=\"true\"><\/i><span class=\"fusion-button-text awb-button__text awb-button__text--default\">Download Factsheet (EN)<\/span><\/a><\/div><\/div><\/div><\/div><\/div><\/div><div class=\"fusion-layout-column fusion_builder_column fusion-builder-column-2 fusion_builder_column_1_1 1_1 fusion-flex-column fusion-animated\" style=\"--awb-bg-size:cover;--awb-width-large:100%;--awb-spacing-right-large:1.92%;--awb-margin-bottom-large:40px;--awb-spacing-left-large:1.92%;--awb-width-medium:100%;--awb-order-medium:0;--awb-spacing-right-medium:1.92%;--awb-spacing-left-medium:1.92%;--awb-width-small:100%;--awb-order-small:0;--awb-spacing-right-small:1.92%;--awb-spacing-left-small:1.92%;\" data-animationType=\"fadeInUp\" data-animationDuration=\"1.0\" data-animationOffset=\"top-into-view\"><div class=\"fusion-column-wrapper fusion-column-has-shadow fusion-flex-justify-content-flex-start fusion-content-layout-column\"><div class=\"fusion-title title fusion-title-3 fusion-sep-none fusion-title-text fusion-title-size-one\" style=\"--awb-margin-top:0px;--awb-margin-bottom:40px;--awb-margin-top-small:0px;--awb-margin-right-small:0px;--awb-margin-bottom-small:15px;--awb-margin-left-small:0px;\"><h1 class=\"fusion-title-heading title-heading-left fusion-responsive-typography-calculated\" style=\"margin:0;text-transform:none;--fontSize:48;line-height:var(--awb-typography1-line-height);\">Hauptziele<\/h1><\/div><div class=\"fusion-text fusion-text-2\"><p>Das \u00fcbergeordnete Ziel des Projekts liegt in der F\u00f6rderung eines nachhaltigen Kakaoanbaus, dem Schutz der Artenvielfalt und der Verbesserung der Lebensbedingungen von B\u00e4uerinnen und Bauern durch gemeinschaftsbasierte Verwaltungs- und Naturschutzmassnahmen.<\/p>\n<\/div><ul style=\"--awb-size:18px;--awb-iconcolor:var(--awb-color5);--awb-textcolor:var(--awb-custom_color_5);--awb-line-height:30.6px;--awb-icon-width:30.6px;--awb-icon-height:30.6px;--awb-icon-margin:12.6px;--awb-content-margin:43.2px;\" class=\"fusion-checklist fusion-checklist-2 fusion-checklist-default type-icons\"><li class=\"fusion-li-item\" style=\"\"><span class=\"icon-wrapper circle-no\"><i class=\"fusion-li-icon fa-angle-right fas\" aria-hidden=\"true\"><\/i><\/span><div class=\"fusion-li-item-content\">\n<p>Unterst\u00fctzung gemeindebasierter Verwaltungsgruppen bei der effektiven und nachhaltigen Bewirtschaftung des Gebiets<\/p>\n<\/div><\/li><li class=\"fusion-li-item\" style=\"\"><span class=\"icon-wrapper circle-no\"><i class=\"fusion-li-icon fa-angle-right fas\" aria-hidden=\"true\"><\/i><\/span><div class=\"fusion-li-item-content\">\n<p>F\u00f6rderung des Schutzes der biologischen Vielfalt durch verst\u00e4rkte Patrouillen, Abschreckungsmassnahmen f\u00fcr Wildtiere und Strategien zur Konfliktminderung<\/p>\n<\/div><\/li><li class=\"fusion-li-item\" style=\"\"><span class=\"icon-wrapper circle-no\"><i class=\"fusion-li-icon fa-angle-right fas\" aria-hidden=\"true\"><\/i><\/span><div class=\"fusion-li-item-content\">\n<p>Verbesserung der Umweltaufsichtssysteme zur Gewinnung von Erkenntnissen f\u00fcr ein adaptives Management in den n\u00e4chsten drei Jahren<\/p>\n<\/div><\/li><li class=\"fusion-li-item\" style=\"\"><span class=\"icon-wrapper circle-no\"><i class=\"fusion-li-icon fa-angle-right fas\" aria-hidden=\"true\"><\/i><\/span><div class=\"fusion-li-item-content\">\n<p>Zusammenarbeit mit \u00f6rtlichen Gemeinden und Beh\u00f6rden zur Bek\u00e4mpfung von illegalen Aktivit\u00e4ten und Konflikten zwischen Mensch und Wildtieren sowie zur Erarbeitung langfristiger Nachhaltigkeitsl\u00f6sungen, einschliesslich der Pr\u00fcfung fairer Umsiedlungsm\u00f6glichkeiten f\u00fcr landwirtschaftliche Betriebe innerhalb von Schutzgebieten<\/p>\n<\/div><\/li><\/ul><\/div><\/div><\/div><\/div>\n","protected":false},"excerpt":{"rendered":"","protected":false},"author":1,"featured_media":2668,"parent":3313,"menu_order":14,"comment_status":"closed","ping_status":"closed","template":"100-width.php","meta":{"_acf_changed":false,"footnotes":"","_links_to":"","_links_to_target":""},"class_list":["post-3318","page","type-page","status-publish","has-post-thumbnail","hentry"],"acf":[],"yoast_head":"<!-- This site is optimized with the Yoast SEO plugin v27.4 - https:\/\/yoast.com\/product\/yoast-seo-wordpress\/ -->\n<title>Kakum Sustainable Landscape Project zur Unterst\u00fctzung des Ablaufs einer lokalen Verwaltungsstruktur - Lindt Cocoa Foundation<\/title>\n<meta name=\"robots\" content=\"index, follow, max-snippet:-1, max-image-preview:large, max-video-preview:-1\" \/>\n<link rel=\"canonical\" href=\"https:\/\/lindtcocoafoundation.org\/de\/projekte\/ghana\/kakum-sustainable-landscape-project-zur-unterstuetzung-des-ablaufs-einer-lokalen-verwaltungsstruktur\/\" \/>\n<meta property=\"og:locale\" content=\"de_DE\" \/>\n<meta property=\"og:type\" content=\"article\" \/>\n<meta property=\"og:title\" content=\"Kakum Sustainable Landscape Project zur Unterst\u00fctzung des Ablaufs einer lokalen Verwaltungsstruktur - Lindt Cocoa Foundation\" \/>\n<meta property=\"og:url\" content=\"https:\/\/lindtcocoafoundation.org\/de\/projekte\/ghana\/kakum-sustainable-landscape-project-zur-unterstuetzung-des-ablaufs-einer-lokalen-verwaltungsstruktur\/\" \/>\n<meta property=\"og:site_name\" content=\"Lindt Cocoa Foundation\" \/>\n<meta property=\"article:modified_time\" content=\"2025-08-12T11:18:30+00:00\" \/>\n<meta property=\"og:image\" content=\"https:\/\/lindtcocoafoundation.org\/wp-content\/uploads\/2025\/04\/slider.jpg\" \/>\n\t<meta property=\"og:image:width\" content=\"2500\" \/>\n\t<meta property=\"og:image:height\" content=\"1667\" \/>\n\t<meta property=\"og:image:type\" content=\"image\/jpeg\" \/>\n<meta name=\"twitter:card\" content=\"summary_large_image\" \/>\n<script type=\"application\/ld+json\" class=\"yoast-schema-graph\">{\"@context\":\"https:\\\/\\\/schema.org\",\"@graph\":[{\"@type\":\"WebPage\",\"@id\":\"https:\\\/\\\/lindtcocoafoundation.org\\\/de\\\/projekte\\\/ghana\\\/kakum-sustainable-landscape-project-zur-unterstuetzung-des-ablaufs-einer-lokalen-verwaltungsstruktur\\\/\",\"url\":\"https:\\\/\\\/lindtcocoafoundation.org\\\/de\\\/projekte\\\/ghana\\\/kakum-sustainable-landscape-project-zur-unterstuetzung-des-ablaufs-einer-lokalen-verwaltungsstruktur\\\/\",\"name\":\"Kakum Sustainable Landscape Project zur Unterst\u00fctzung des Ablaufs einer lokalen Verwaltungsstruktur - Lindt Cocoa Foundation\",\"isPartOf\":{\"@id\":\"https:\\\/\\\/lindtcocoafoundation.org\\\/#website\"},\"primaryImageOfPage\":{\"@id\":\"https:\\\/\\\/lindtcocoafoundation.org\\\/de\\\/projekte\\\/ghana\\\/kakum-sustainable-landscape-project-zur-unterstuetzung-des-ablaufs-einer-lokalen-verwaltungsstruktur\\\/#primaryimage\"},\"image\":{\"@id\":\"https:\\\/\\\/lindtcocoafoundation.org\\\/de\\\/projekte\\\/ghana\\\/kakum-sustainable-landscape-project-zur-unterstuetzung-des-ablaufs-einer-lokalen-verwaltungsstruktur\\\/#primaryimage\"},\"thumbnailUrl\":\"https:\\\/\\\/lindtcocoafoundation.org\\\/wp-content\\\/uploads\\\/2025\\\/04\\\/slider.jpg\",\"datePublished\":\"2025-06-12T14:48:46+00:00\",\"dateModified\":\"2025-08-12T11:18:30+00:00\",\"breadcrumb\":{\"@id\":\"https:\\\/\\\/lindtcocoafoundation.org\\\/de\\\/projekte\\\/ghana\\\/kakum-sustainable-landscape-project-zur-unterstuetzung-des-ablaufs-einer-lokalen-verwaltungsstruktur\\\/#breadcrumb\"},\"inLanguage\":\"de\",\"potentialAction\":[{\"@type\":\"ReadAction\",\"target\":[\"https:\\\/\\\/lindtcocoafoundation.org\\\/de\\\/projekte\\\/ghana\\\/kakum-sustainable-landscape-project-zur-unterstuetzung-des-ablaufs-einer-lokalen-verwaltungsstruktur\\\/\"]}]},{\"@type\":\"ImageObject\",\"inLanguage\":\"de\",\"@id\":\"https:\\\/\\\/lindtcocoafoundation.org\\\/de\\\/projekte\\\/ghana\\\/kakum-sustainable-landscape-project-zur-unterstuetzung-des-ablaufs-einer-lokalen-verwaltungsstruktur\\\/#primaryimage\",\"url\":\"https:\\\/\\\/lindtcocoafoundation.org\\\/wp-content\\\/uploads\\\/2025\\\/04\\\/slider.jpg\",\"contentUrl\":\"https:\\\/\\\/lindtcocoafoundation.org\\\/wp-content\\\/uploads\\\/2025\\\/04\\\/slider.jpg\",\"width\":2500,\"height\":1667},{\"@type\":\"BreadcrumbList\",\"@id\":\"https:\\\/\\\/lindtcocoafoundation.org\\\/de\\\/projekte\\\/ghana\\\/kakum-sustainable-landscape-project-zur-unterstuetzung-des-ablaufs-einer-lokalen-verwaltungsstruktur\\\/#breadcrumb\",\"itemListElement\":[{\"@type\":\"ListItem\",\"position\":1,\"name\":\"Home\",\"item\":\"https:\\\/\\\/lindtcocoafoundation.org\\\/de\\\/\"},{\"@type\":\"ListItem\",\"position\":2,\"name\":\"Projekte\",\"item\":\"https:\\\/\\\/lindtcocoafoundation.org\\\/de\\\/projekte\\\/\"},{\"@type\":\"ListItem\",\"position\":3,\"name\":\"Ghana\",\"item\":\"https:\\\/\\\/lindtcocoafoundation.org\\\/de\\\/projekte\\\/ghana\\\/\"},{\"@type\":\"ListItem\",\"position\":4,\"name\":\"Kakum Sustainable Landscape Project zur Unterst\u00fctzung des Ablaufs einer lokalen Verwaltungsstruktur\"}]},{\"@type\":\"WebSite\",\"@id\":\"https:\\\/\\\/lindtcocoafoundation.org\\\/#website\",\"url\":\"https:\\\/\\\/lindtcocoafoundation.org\\\/\",\"name\":\"Lindt Cocoa Foundation\",\"description\":\"\",\"potentialAction\":[{\"@type\":\"SearchAction\",\"target\":{\"@type\":\"EntryPoint\",\"urlTemplate\":\"https:\\\/\\\/lindtcocoafoundation.org\\\/?s={search_term_string}\"},\"query-input\":{\"@type\":\"PropertyValueSpecification\",\"valueRequired\":true,\"valueName\":\"search_term_string\"}}],\"inLanguage\":\"de\"}]}<\/script>\n<!-- \/ Yoast SEO plugin. -->","yoast_head_json":{"title":"Kakum Sustainable Landscape Project zur Unterst\u00fctzung des Ablaufs einer lokalen Verwaltungsstruktur - Lindt Cocoa Foundation","robots":{"index":"index","follow":"follow","max-snippet":"max-snippet:-1","max-image-preview":"max-image-preview:large","max-video-preview":"max-video-preview:-1"},"canonical":"https:\/\/lindtcocoafoundation.org\/de\/projekte\/ghana\/kakum-sustainable-landscape-project-zur-unterstuetzung-des-ablaufs-einer-lokalen-verwaltungsstruktur\/","og_locale":"de_DE","og_type":"article","og_title":"Kakum Sustainable Landscape Project zur Unterst\u00fctzung des Ablaufs einer lokalen Verwaltungsstruktur - Lindt Cocoa Foundation","og_url":"https:\/\/lindtcocoafoundation.org\/de\/projekte\/ghana\/kakum-sustainable-landscape-project-zur-unterstuetzung-des-ablaufs-einer-lokalen-verwaltungsstruktur\/","og_site_name":"Lindt Cocoa Foundation","article_modified_time":"2025-08-12T11:18:30+00:00","og_image":[{"width":2500,"height":1667,"url":"https:\/\/lindtcocoafoundation.org\/wp-content\/uploads\/2025\/04\/slider.jpg","type":"image\/jpeg"}],"twitter_card":"summary_large_image","schema":{"@context":"https:\/\/schema.org","@graph":[{"@type":"WebPage","@id":"https:\/\/lindtcocoafoundation.org\/de\/projekte\/ghana\/kakum-sustainable-landscape-project-zur-unterstuetzung-des-ablaufs-einer-lokalen-verwaltungsstruktur\/","url":"https:\/\/lindtcocoafoundation.org\/de\/projekte\/ghana\/kakum-sustainable-landscape-project-zur-unterstuetzung-des-ablaufs-einer-lokalen-verwaltungsstruktur\/","name":"Kakum Sustainable Landscape Project zur Unterst\u00fctzung des Ablaufs einer lokalen Verwaltungsstruktur - Lindt Cocoa Foundation","isPartOf":{"@id":"https:\/\/lindtcocoafoundation.org\/#website"},"primaryImageOfPage":{"@id":"https:\/\/lindtcocoafoundation.org\/de\/projekte\/ghana\/kakum-sustainable-landscape-project-zur-unterstuetzung-des-ablaufs-einer-lokalen-verwaltungsstruktur\/#primaryimage"},"image":{"@id":"https:\/\/lindtcocoafoundation.org\/de\/projekte\/ghana\/kakum-sustainable-landscape-project-zur-unterstuetzung-des-ablaufs-einer-lokalen-verwaltungsstruktur\/#primaryimage"},"thumbnailUrl":"https:\/\/lindtcocoafoundation.org\/wp-content\/uploads\/2025\/04\/slider.jpg","datePublished":"2025-06-12T14:48:46+00:00","dateModified":"2025-08-12T11:18:30+00:00","breadcrumb":{"@id":"https:\/\/lindtcocoafoundation.org\/de\/projekte\/ghana\/kakum-sustainable-landscape-project-zur-unterstuetzung-des-ablaufs-einer-lokalen-verwaltungsstruktur\/#breadcrumb"},"inLanguage":"de","potentialAction":[{"@type":"ReadAction","target":["https:\/\/lindtcocoafoundation.org\/de\/projekte\/ghana\/kakum-sustainable-landscape-project-zur-unterstuetzung-des-ablaufs-einer-lokalen-verwaltungsstruktur\/"]}]},{"@type":"ImageObject","inLanguage":"de","@id":"https:\/\/lindtcocoafoundation.org\/de\/projekte\/ghana\/kakum-sustainable-landscape-project-zur-unterstuetzung-des-ablaufs-einer-lokalen-verwaltungsstruktur\/#primaryimage","url":"https:\/\/lindtcocoafoundation.org\/wp-content\/uploads\/2025\/04\/slider.jpg","contentUrl":"https:\/\/lindtcocoafoundation.org\/wp-content\/uploads\/2025\/04\/slider.jpg","width":2500,"height":1667},{"@type":"BreadcrumbList","@id":"https:\/\/lindtcocoafoundation.org\/de\/projekte\/ghana\/kakum-sustainable-landscape-project-zur-unterstuetzung-des-ablaufs-einer-lokalen-verwaltungsstruktur\/#breadcrumb","itemListElement":[{"@type":"ListItem","position":1,"name":"Home","item":"https:\/\/lindtcocoafoundation.org\/de\/"},{"@type":"ListItem","position":2,"name":"Projekte","item":"https:\/\/lindtcocoafoundation.org\/de\/projekte\/"},{"@type":"ListItem","position":3,"name":"Ghana","item":"https:\/\/lindtcocoafoundation.org\/de\/projekte\/ghana\/"},{"@type":"ListItem","position":4,"name":"Kakum Sustainable Landscape Project zur Unterst\u00fctzung des Ablaufs einer lokalen Verwaltungsstruktur"}]},{"@type":"WebSite","@id":"https:\/\/lindtcocoafoundation.org\/#website","url":"https:\/\/lindtcocoafoundation.org\/","name":"Lindt Cocoa Foundation","description":"","potentialAction":[{"@type":"SearchAction","target":{"@type":"EntryPoint","urlTemplate":"https:\/\/lindtcocoafoundation.org\/?s={search_term_string}"},"query-input":{"@type":"PropertyValueSpecification","valueRequired":true,"valueName":"search_term_string"}}],"inLanguage":"de"}]}},"_links":{"self":[{"href":"https:\/\/lindtcocoafoundation.org\/de\/wp-json\/wp\/v2\/pages\/3318","targetHints":{"allow":["GET"]}}],"collection":[{"href":"https:\/\/lindtcocoafoundation.org\/de\/wp-json\/wp\/v2\/pages"}],"about":[{"href":"https:\/\/lindtcocoafoundation.org\/de\/wp-json\/wp\/v2\/types\/page"}],"author":[{"embeddable":true,"href":"https:\/\/lindtcocoafoundation.org\/de\/wp-json\/wp\/v2\/users\/1"}],"replies":[{"embeddable":true,"href":"https:\/\/lindtcocoafoundation.org\/de\/wp-json\/wp\/v2\/comments?post=3318"}],"version-history":[{"count":9,"href":"https:\/\/lindtcocoafoundation.org\/de\/wp-json\/wp\/v2\/pages\/3318\/revisions"}],"predecessor-version":[{"id":3639,"href":"https:\/\/lindtcocoafoundation.org\/de\/wp-json\/wp\/v2\/pages\/3318\/revisions\/3639"}],"up":[{"embeddable":true,"href":"https:\/\/lindtcocoafoundation.org\/de\/wp-json\/wp\/v2\/pages\/3313"}],"wp:featuredmedia":[{"embeddable":true,"href":"https:\/\/lindtcocoafoundation.org\/de\/wp-json\/wp\/v2\/media\/2668"}],"wp:attachment":[{"href":"https:\/\/lindtcocoafoundation.org\/de\/wp-json\/wp\/v2\/media?parent=3318"}],"curies":[{"name":"wp","href":"https:\/\/api.w.org\/{rel}","templated":true}]}}