{"id":3297,"date":"2025-04-03T15:06:41","date_gmt":"2025-04-03T15:06:41","guid":{"rendered":"https:\/\/lindtcocoafoundation.org\/?page_id=3297"},"modified":"2025-09-01T11:34:27","modified_gmt":"2025-09-01T11:34:27","slug":"projekte","status":"publish","type":"page","link":"https:\/\/lindtcocoafoundation.org\/de\/projekte\/","title":{"rendered":"Projekte"},"content":{"rendered":"<p><div class=\"fusion-fullwidth fullwidth-box fusion-builder-row-1 fusion-flex-container has-pattern-background has-mask-background nonhundred-percent-fullwidth non-hundred-percent-height-scrolling\" style=\"--awb-border-radius-top-left:0px;--awb-border-radius-top-right:0px;--awb-border-radius-bottom-right:0px;--awb-border-radius-bottom-left:0px;--awb-flex-wrap:wrap;\" ><div class=\"fusion-builder-row fusion-row fusion-flex-align-items-flex-start fusion-flex-content-wrap\" style=\"max-width:1523.6px;margin-left: calc(-4% \/ 2 );margin-right: calc(-4% \/ 2 );\"><div class=\"fusion-layout-column fusion_builder_column fusion-builder-column-0 fusion_builder_column_1_1 1_1 fusion-flex-column\" style=\"--awb-bg-size:cover;--awb-width-large:100%;--awb-spacing-right-large:1.92%;--awb-margin-bottom-large:0px;--awb-spacing-left-large:1.92%;--awb-width-medium:100%;--awb-order-medium:0;--awb-spacing-right-medium:1.92%;--awb-spacing-left-medium:1.92%;--awb-width-small:100%;--awb-order-small:0;--awb-spacing-right-small:1.92%;--awb-spacing-left-small:1.92%;\"><div class=\"fusion-column-wrapper fusion-column-has-shadow fusion-flex-justify-content-flex-start fusion-content-layout-column\"><div class=\"fusion-text fusion-text-1\"><p>Unsere T\u00e4tigkeiten erstrecken sich haupts\u00e4chlich auf Kakaoanbaugebiete in Afrika und Lateinamerika. Derzeit f\u00f6rdern wir Projekte in Ghana und Madagaskar. Zus\u00e4tzlich legen wir einen kleinen Schwerpunkt auf Lateinamerika, insbesondere Peru, um unsere Wirkung zu erweitern und Chancen f\u00fcr Innovation und Wissensaustausch zu nutzen. Weitere L\u00e4nder sollen in Zukunft folgen.<\/p>\n<p>Unser geografischer Fokus wird durch Faktoren wie bisherige Erfahrungen, die Bedeutung der Kakao-Produktion, die sozio\u00f6konomischen Bed\u00fcrfnisse der lokalen Bev\u00f6lkerung, starke lokale Partnerschaften sowie regionale Sicherheit und Stabilit\u00e4t bestimmt.<\/p>\n<p>F\u00fcr weitere Informationen zu laufenden Projekten klicken Sie auf das entsprechende Land in der Karte (dunkelbraun markiert). F\u00fcr eine \u00dcbersicht ausgew\u00e4hlter abgeschlossener Projekte klicken Sie bitte <a href=\"https:\/\/lindtcocoafoundation.org\/de\/projekte\/ausgewaehlte-abgeschlossene-projekte\/\">hier<\/a>.<\/p>\n<\/div><\/div><\/div><\/div><\/div><div class=\"fusion-fullwidth fullwidth-box fusion-builder-row-2 fusion-flex-container has-pattern-background has-mask-background nonhundred-percent-fullwidth non-hundred-percent-height-scrolling fusion-animated\" style=\"--awb-border-radius-top-left:0px;--awb-border-radius-top-right:0px;--awb-border-radius-bottom-right:0px;--awb-border-radius-bottom-left:0px;--awb-flex-wrap:wrap;\" data-animationType=\"fadeInUp\" data-animationDuration=\"1.0\" data-animationOffset=\"top-into-view\" ><div class=\"fusion-builder-row fusion-row fusion-flex-align-items-flex-start fusion-flex-content-wrap\" style=\"max-width:1523.6px;margin-left: calc(-4% \/ 2 );margin-right: calc(-4% \/ 2 );\"><div class=\"fusion-layout-column fusion_builder_column fusion-builder-column-1 fusion_builder_column_1_1 1_1 fusion-flex-column\" style=\"--awb-bg-size:cover;--awb-width-large:100%;--awb-spacing-right-large:1.92%;--awb-margin-bottom-large:0px;--awb-spacing-left-large:1.92%;--awb-width-medium:100%;--awb-order-medium:0;--awb-spacing-right-medium:1.92%;--awb-spacing-left-medium:1.92%;--awb-width-small:100%;--awb-order-small:0;--awb-spacing-right-small:1.92%;--awb-spacing-left-small:1.92%;\"><div class=\"fusion-column-wrapper fusion-column-has-shadow fusion-flex-justify-content-flex-start fusion-content-layout-column\"><div class=\"map_wrapper\" id=\"map_wrapper_3303\">\n<div class=\"map_box\" style=\"max-width:2000px\">\n<div class=\"map_aspect_ratio\" style=\"padding-top:56%\" data-padding-top=\"56%\" data-padding-top-mobile=\"0%\">\n<div class=\"map_container\">\n<div class=\"map_render map_loading\" id=\"map_3303\"><\/div>\n<\/div>\n<\/div>\n<\/div>\n<\/div><\/div><\/div><\/div><\/div><\/p>\n","protected":false},"excerpt":{"rendered":"","protected":false},"author":1,"featured_media":3720,"parent":0,"menu_order":11,"comment_status":"closed","ping_status":"closed","template":"100-width.php","meta":{"_acf_changed":false,"footnotes":"","_links_to":"","_links_to_target":""},"class_list":["post-3297","page","type-page","status-publish","has-post-thumbnail","hentry"],"acf":[],"yoast_head":"<!-- This site is optimized with the Yoast SEO plugin v27.5 - https:\/\/yoast.com\/product\/yoast-seo-wordpress\/ -->\n<title>Projekte - Lindt Cocoa Foundation<\/title>\n<meta name=\"robots\" content=\"index, follow, max-snippet:-1, max-image-preview:large, max-video-preview:-1\" \/>\n<link rel=\"canonical\" href=\"https:\/\/lindtcocoafoundation.org\/de\/projekte\/\" \/>\n<meta property=\"og:locale\" content=\"de_DE\" \/>\n<meta property=\"og:type\" content=\"article\" \/>\n<meta property=\"og:title\" content=\"Projekte - Lindt Cocoa Foundation\" \/>\n<meta property=\"og:url\" content=\"https:\/\/lindtcocoafoundation.org\/de\/projekte\/\" \/>\n<meta property=\"og:site_name\" content=\"Lindt Cocoa Foundation\" \/>\n<meta property=\"article:modified_time\" content=\"2025-09-01T11:34:27+00:00\" \/>\n<meta property=\"og:image\" content=\"https:\/\/lindtcocoafoundation.org\/wp-content\/uploads\/2025\/04\/slider.jpg\" \/>\n\t<meta property=\"og:image:width\" content=\"2500\" \/>\n\t<meta property=\"og:image:height\" content=\"1667\" \/>\n\t<meta property=\"og:image:type\" content=\"image\/jpeg\" \/>\n<meta name=\"twitter:card\" content=\"summary_large_image\" \/>\n<meta name=\"twitter:label1\" content=\"Gesch\u00e4tzte Lesezeit\" \/>\n\t<meta name=\"twitter:data1\" content=\"1\u00a0Minute\" \/>\n<script type=\"application\/ld+json\" class=\"yoast-schema-graph\">{\"@context\":\"https:\\\/\\\/schema.org\",\"@graph\":[{\"@type\":\"WebPage\",\"@id\":\"https:\\\/\\\/lindtcocoafoundation.org\\\/de\\\/projekte\\\/\",\"url\":\"https:\\\/\\\/lindtcocoafoundation.org\\\/de\\\/projekte\\\/\",\"name\":\"Projekte - Lindt Cocoa Foundation\",\"isPartOf\":{\"@id\":\"https:\\\/\\\/lindtcocoafoundation.org\\\/#website\"},\"primaryImageOfPage\":{\"@id\":\"https:\\\/\\\/lindtcocoafoundation.org\\\/de\\\/projekte\\\/#primaryimage\"},\"image\":{\"@id\":\"https:\\\/\\\/lindtcocoafoundation.org\\\/de\\\/projekte\\\/#primaryimage\"},\"thumbnailUrl\":\"https:\\\/\\\/lindtcocoafoundation.org\\\/wp-content\\\/uploads\\\/2025\\\/11\\\/20181212_STEP3_SCHOOL_17-Kopie-scaled.jpg\",\"datePublished\":\"2025-04-03T15:06:41+00:00\",\"dateModified\":\"2025-09-01T11:34:27+00:00\",\"breadcrumb\":{\"@id\":\"https:\\\/\\\/lindtcocoafoundation.org\\\/de\\\/projekte\\\/#breadcrumb\"},\"inLanguage\":\"de\",\"potentialAction\":[{\"@type\":\"ReadAction\",\"target\":[\"https:\\\/\\\/lindtcocoafoundation.org\\\/de\\\/projekte\\\/\"]}]},{\"@type\":\"ImageObject\",\"inLanguage\":\"de\",\"@id\":\"https:\\\/\\\/lindtcocoafoundation.org\\\/de\\\/projekte\\\/#primaryimage\",\"url\":\"https:\\\/\\\/lindtcocoafoundation.org\\\/wp-content\\\/uploads\\\/2025\\\/11\\\/20181212_STEP3_SCHOOL_17-Kopie-scaled.jpg\",\"contentUrl\":\"https:\\\/\\\/lindtcocoafoundation.org\\\/wp-content\\\/uploads\\\/2025\\\/11\\\/20181212_STEP3_SCHOOL_17-Kopie-scaled.jpg\",\"width\":2560,\"height\":1707},{\"@type\":\"BreadcrumbList\",\"@id\":\"https:\\\/\\\/lindtcocoafoundation.org\\\/de\\\/projekte\\\/#breadcrumb\",\"itemListElement\":[{\"@type\":\"ListItem\",\"position\":1,\"name\":\"Home\",\"item\":\"https:\\\/\\\/lindtcocoafoundation.org\\\/de\\\/\"},{\"@type\":\"ListItem\",\"position\":2,\"name\":\"Projekte\"}]},{\"@type\":\"WebSite\",\"@id\":\"https:\\\/\\\/lindtcocoafoundation.org\\\/#website\",\"url\":\"https:\\\/\\\/lindtcocoafoundation.org\\\/\",\"name\":\"Lindt Cocoa Foundation\",\"description\":\"\",\"potentialAction\":[{\"@type\":\"SearchAction\",\"target\":{\"@type\":\"EntryPoint\",\"urlTemplate\":\"https:\\\/\\\/lindtcocoafoundation.org\\\/?s={search_term_string}\"},\"query-input\":{\"@type\":\"PropertyValueSpecification\",\"valueRequired\":true,\"valueName\":\"search_term_string\"}}],\"inLanguage\":\"de\"}]}<\/script>\n<!-- \/ Yoast SEO plugin. -->","yoast_head_json":{"title":"Projekte - Lindt Cocoa Foundation","robots":{"index":"index","follow":"follow","max-snippet":"max-snippet:-1","max-image-preview":"max-image-preview:large","max-video-preview":"max-video-preview:-1"},"canonical":"https:\/\/lindtcocoafoundation.org\/de\/projekte\/","og_locale":"de_DE","og_type":"article","og_title":"Projekte - Lindt Cocoa Foundation","og_url":"https:\/\/lindtcocoafoundation.org\/de\/projekte\/","og_site_name":"Lindt Cocoa Foundation","article_modified_time":"2025-09-01T11:34:27+00:00","og_image":[{"width":2500,"height":1667,"url":"https:\/\/lindtcocoafoundation.org\/wp-content\/uploads\/2025\/04\/slider.jpg","type":"image\/jpeg"}],"twitter_card":"summary_large_image","twitter_misc":{"Gesch\u00e4tzte Lesezeit":"1\u00a0Minute"},"schema":{"@context":"https:\/\/schema.org","@graph":[{"@type":"WebPage","@id":"https:\/\/lindtcocoafoundation.org\/de\/projekte\/","url":"https:\/\/lindtcocoafoundation.org\/de\/projekte\/","name":"Projekte - Lindt Cocoa Foundation","isPartOf":{"@id":"https:\/\/lindtcocoafoundation.org\/#website"},"primaryImageOfPage":{"@id":"https:\/\/lindtcocoafoundation.org\/de\/projekte\/#primaryimage"},"image":{"@id":"https:\/\/lindtcocoafoundation.org\/de\/projekte\/#primaryimage"},"thumbnailUrl":"https:\/\/lindtcocoafoundation.org\/wp-content\/uploads\/2025\/11\/20181212_STEP3_SCHOOL_17-Kopie-scaled.jpg","datePublished":"2025-04-03T15:06:41+00:00","dateModified":"2025-09-01T11:34:27+00:00","breadcrumb":{"@id":"https:\/\/lindtcocoafoundation.org\/de\/projekte\/#breadcrumb"},"inLanguage":"de","potentialAction":[{"@type":"ReadAction","target":["https:\/\/lindtcocoafoundation.org\/de\/projekte\/"]}]},{"@type":"ImageObject","inLanguage":"de","@id":"https:\/\/lindtcocoafoundation.org\/de\/projekte\/#primaryimage","url":"https:\/\/lindtcocoafoundation.org\/wp-content\/uploads\/2025\/11\/20181212_STEP3_SCHOOL_17-Kopie-scaled.jpg","contentUrl":"https:\/\/lindtcocoafoundation.org\/wp-content\/uploads\/2025\/11\/20181212_STEP3_SCHOOL_17-Kopie-scaled.jpg","width":2560,"height":1707},{"@type":"BreadcrumbList","@id":"https:\/\/lindtcocoafoundation.org\/de\/projekte\/#breadcrumb","itemListElement":[{"@type":"ListItem","position":1,"name":"Home","item":"https:\/\/lindtcocoafoundation.org\/de\/"},{"@type":"ListItem","position":2,"name":"Projekte"}]},{"@type":"WebSite","@id":"https:\/\/lindtcocoafoundation.org\/#website","url":"https:\/\/lindtcocoafoundation.org\/","name":"Lindt Cocoa Foundation","description":"","potentialAction":[{"@type":"SearchAction","target":{"@type":"EntryPoint","urlTemplate":"https:\/\/lindtcocoafoundation.org\/?s={search_term_string}"},"query-input":{"@type":"PropertyValueSpecification","valueRequired":true,"valueName":"search_term_string"}}],"inLanguage":"de"}]}},"_links":{"self":[{"href":"https:\/\/lindtcocoafoundation.org\/de\/wp-json\/wp\/v2\/pages\/3297","targetHints":{"allow":["GET"]}}],"collection":[{"href":"https:\/\/lindtcocoafoundation.org\/de\/wp-json\/wp\/v2\/pages"}],"about":[{"href":"https:\/\/lindtcocoafoundation.org\/de\/wp-json\/wp\/v2\/types\/page"}],"author":[{"embeddable":true,"href":"https:\/\/lindtcocoafoundation.org\/de\/wp-json\/wp\/v2\/users\/1"}],"replies":[{"embeddable":true,"href":"https:\/\/lindtcocoafoundation.org\/de\/wp-json\/wp\/v2\/comments?post=3297"}],"version-history":[{"count":9,"href":"https:\/\/lindtcocoafoundation.org\/de\/wp-json\/wp\/v2\/pages\/3297\/revisions"}],"predecessor-version":[{"id":3655,"href":"https:\/\/lindtcocoafoundation.org\/de\/wp-json\/wp\/v2\/pages\/3297\/revisions\/3655"}],"wp:featuredmedia":[{"embeddable":true,"href":"https:\/\/lindtcocoafoundation.org\/de\/wp-json\/wp\/v2\/media\/3720"}],"wp:attachment":[{"href":"https:\/\/lindtcocoafoundation.org\/de\/wp-json\/wp\/v2\/media?parent=3297"}],"curies":[{"name":"wp","href":"https:\/\/api.w.org\/{rel}","templated":true}]}}