{"id":3288,"date":"2025-04-14T08:53:05","date_gmt":"2025-04-14T08:53:05","guid":{"rendered":"https:\/\/lindtcocoafoundation.org\/?page_id=3288"},"modified":"2025-07-25T11:40:31","modified_gmt":"2025-07-25T11:40:31","slug":"primaere-anspruchsgruppen","status":"publish","type":"page","link":"https:\/\/lindtcocoafoundation.org\/de\/strategischer-fokus\/primaere-anspruchsgruppen\/","title":{"rendered":"Prim\u00e4re Anspruchsgruppen"},"content":{"rendered":"<div class=\"fusion-fullwidth fullwidth-box fusion-builder-row-1 fusion-flex-container has-pattern-background has-mask-background nonhundred-percent-fullwidth non-hundred-percent-height-scrolling\" style=\"--awb-border-radius-top-left:0px;--awb-border-radius-top-right:0px;--awb-border-radius-bottom-right:0px;--awb-border-radius-bottom-left:0px;--awb-padding-bottom:80px;--awb-padding-bottom-medium:60px;--awb-flex-wrap:wrap;\" ><div class=\"fusion-builder-row fusion-row fusion-flex-align-items-center fusion-flex-content-wrap\" style=\"max-width:1523.6px;margin-left: calc(-4% \/ 2 );margin-right: calc(-4% \/ 2 );\"><div class=\"fusion-layout-column fusion_builder_column fusion-builder-column-0 fusion_builder_column_1_1 1_1 fusion-flex-column\" style=\"--awb-bg-size:cover;--awb-width-large:100%;--awb-spacing-right-large:1.92%;--awb-margin-bottom-large:20px;--awb-spacing-left-large:1.92%;--awb-width-medium:100%;--awb-order-medium:0;--awb-spacing-right-medium:1.92%;--awb-spacing-left-medium:1.92%;--awb-width-small:100%;--awb-order-small:0;--awb-spacing-right-small:1.92%;--awb-spacing-left-small:1.92%;\"><div class=\"fusion-column-wrapper fusion-column-has-shadow fusion-flex-justify-content-flex-start fusion-content-layout-column\"><div class=\"fusion-title title fusion-title-1 fusion-sep-none fusion-title-text fusion-title-size-two\" style=\"--awb-margin-top:0px;--awb-margin-top-small:0px;--awb-margin-right-small:0px;--awb-margin-bottom-small:15px;--awb-margin-left-small:0px;\"><h2 class=\"fusion-title-heading title-heading-left fusion-responsive-typography-calculated\" style=\"margin:0;text-transform:none;--fontSize:48;line-height:var(--awb-typography1-line-height);\">Prim\u00e4re Anspruchsgruppen<\/h2><\/div><\/div><\/div><div class=\"fusion-layout-column fusion_builder_column fusion-builder-column-1 fusion_builder_column_3_5 3_5 fusion-flex-column fusion-animated\" style=\"--awb-bg-size:cover;--awb-width-large:60%;--awb-spacing-right-large:3.2%;--awb-margin-bottom-large:0px;--awb-spacing-left-large:3.2%;--awb-width-medium:100%;--awb-order-medium:0;--awb-spacing-right-medium:1.92%;--awb-margin-bottom-medium:40px;--awb-spacing-left-medium:1.92%;--awb-width-small:100%;--awb-order-small:0;--awb-spacing-right-small:1.92%;--awb-spacing-left-small:1.92%;\" data-animationType=\"fadeInLeft\" data-animationDuration=\"1.0\" data-animationOffset=\"top-into-view\"><div class=\"fusion-column-wrapper fusion-column-has-shadow fusion-flex-justify-content-flex-start fusion-content-layout-column\"><div class=\"fusion-text fusion-text-1\"><p>Im Rahmen unserer Zusammenarbeit mit Partnerorganisationen konzentrieren wir uns darauf, konkrete Verbesserungen zum Wohle einzelner Menschen \u2013 insbesondere von Frauen und Jugendlichen \u2013 sowie von Familien und Gemeinden in Kakaoanbaugebieten zu erzielen.<\/p>\n<p>F\u00fcr viele Familien stellt der Kakaoanbau die Haupteinnahmequelle dar. Einige gehen zus\u00e4tzlich anderen Erwerbst\u00e4tigkeiten nach, um ihren Lebensunterhalt zu bestreiten.\u00a0Ein florierender Kakaoanbau sichert nicht nur die Existenzgrundlage zahlreicher Haushalte, sondern kurbelt auch die lokale Wirtschaft an und f\u00f6rdert die allgemeine soziale Entwicklung.<\/p>\n<p>In Anbetracht der grossen Bedeutung des Kakaoanbaus k\u00e4mpfen Gemeinden in Anbaugebieten mit anhaltenden Herausforderungen, insbesondere in Bezug auf den Zugang zu sauberem Wasser, hochwertiger Bildung und medizinischer Versorgung. Unser strategischer Fokus liegt darauf, diese systemischen H\u00fcrden zu \u00fcberwinden, nachhaltige Lebensgrundlagen aufzubauen und lokal getragene Entwicklungsprozesse zu f\u00f6rdern, die dauerhafte Ver\u00e4nderungen bewirken.<\/p>\n<\/div><\/div><\/div><div class=\"fusion-layout-column fusion_builder_column fusion-builder-column-2 fusion_builder_column_2_5 2_5 fusion-flex-column fusion-animated\" style=\"--awb-bg-size:cover;--awb-width-large:40%;--awb-spacing-right-large:4.8%;--awb-margin-bottom-large:0px;--awb-spacing-left-large:4.8%;--awb-width-medium:100%;--awb-order-medium:0;--awb-spacing-right-medium:1.92%;--awb-spacing-left-medium:1.92%;--awb-width-small:100%;--awb-order-small:0;--awb-spacing-right-small:1.92%;--awb-spacing-left-small:1.92%;\" data-animationType=\"fadeInRight\" data-animationDuration=\"1.0\" data-animationDelay=\"0.3\" data-animationOffset=\"top-into-view\"><div class=\"fusion-column-wrapper fusion-column-has-shadow fusion-flex-justify-content-flex-start fusion-content-layout-column\"><div class=\"fusion-image-element \" style=\"--awb-caption-title-font-family:var(--h2_typography-font-family);--awb-caption-title-font-weight:var(--h2_typography-font-weight);--awb-caption-title-font-style:var(--h2_typography-font-style);--awb-caption-title-size:var(--h2_typography-font-size);--awb-caption-title-transform:var(--h2_typography-text-transform);--awb-caption-title-line-height:var(--h2_typography-line-height);--awb-caption-title-letter-spacing:var(--h2_typography-letter-spacing);\"><span class=\" fusion-imageframe imageframe-none imageframe-1 hover-type-none\"><img decoding=\"async\" width=\"1024\" height=\"683\" title=\"Cleaning process of cocoa beans in RAMA&#8217;s warehouse in Ambanja &#8211; Madagascar.\" src=\"https:\/\/lindtcocoafoundation.org\/wp-content\/uploads\/2025\/06\/20191120_STEP1_TRACEABILITY_98-1024x683.jpg\" alt class=\"img-responsive wp-image-3130\" srcset=\"https:\/\/lindtcocoafoundation.org\/wp-content\/uploads\/2025\/06\/20191120_STEP1_TRACEABILITY_98-200x133.jpg 200w, https:\/\/lindtcocoafoundation.org\/wp-content\/uploads\/2025\/06\/20191120_STEP1_TRACEABILITY_98-400x267.jpg 400w, https:\/\/lindtcocoafoundation.org\/wp-content\/uploads\/2025\/06\/20191120_STEP1_TRACEABILITY_98-600x400.jpg 600w, https:\/\/lindtcocoafoundation.org\/wp-content\/uploads\/2025\/06\/20191120_STEP1_TRACEABILITY_98-800x533.jpg 800w, https:\/\/lindtcocoafoundation.org\/wp-content\/uploads\/2025\/06\/20191120_STEP1_TRACEABILITY_98-1200x800.jpg 1200w\" sizes=\"(max-width: 768px) 100vw, 600px\" \/><\/span><\/div><\/div><\/div><\/div><\/div>\n","protected":false},"excerpt":{"rendered":"","protected":false},"author":1,"featured_media":2668,"parent":3281,"menu_order":8,"comment_status":"closed","ping_status":"closed","template":"100-width.php","meta":{"_acf_changed":false,"footnotes":"","_links_to":"","_links_to_target":""},"class_list":["post-3288","page","type-page","status-publish","has-post-thumbnail","hentry"],"acf":[],"yoast_head":"<!-- This site is optimized with the Yoast SEO plugin v27.5 - https:\/\/yoast.com\/product\/yoast-seo-wordpress\/ -->\n<title>Prim\u00e4re Anspruchsgruppen - Lindt Cocoa Foundation<\/title>\n<meta name=\"robots\" content=\"index, follow, max-snippet:-1, max-image-preview:large, max-video-preview:-1\" \/>\n<link rel=\"canonical\" href=\"https:\/\/lindtcocoafoundation.org\/de\/strategischer-fokus\/primaere-anspruchsgruppen\/\" \/>\n<meta property=\"og:locale\" content=\"de_DE\" \/>\n<meta property=\"og:type\" content=\"article\" \/>\n<meta property=\"og:title\" content=\"Prim\u00e4re Anspruchsgruppen - Lindt Cocoa Foundation\" \/>\n<meta property=\"og:url\" content=\"https:\/\/lindtcocoafoundation.org\/de\/strategischer-fokus\/primaere-anspruchsgruppen\/\" \/>\n<meta property=\"og:site_name\" content=\"Lindt Cocoa Foundation\" \/>\n<meta property=\"article:modified_time\" content=\"2025-07-25T11:40:31+00:00\" \/>\n<meta property=\"og:image\" content=\"https:\/\/lindtcocoafoundation.org\/wp-content\/uploads\/2025\/04\/slider.jpg\" \/>\n\t<meta property=\"og:image:width\" content=\"2500\" \/>\n\t<meta property=\"og:image:height\" content=\"1667\" \/>\n\t<meta property=\"og:image:type\" content=\"image\/jpeg\" \/>\n<meta name=\"twitter:card\" content=\"summary_large_image\" \/>\n<script type=\"application\/ld+json\" class=\"yoast-schema-graph\">{\"@context\":\"https:\\\/\\\/schema.org\",\"@graph\":[{\"@type\":\"WebPage\",\"@id\":\"https:\\\/\\\/lindtcocoafoundation.org\\\/de\\\/strategischer-fokus\\\/primaere-anspruchsgruppen\\\/\",\"url\":\"https:\\\/\\\/lindtcocoafoundation.org\\\/de\\\/strategischer-fokus\\\/primaere-anspruchsgruppen\\\/\",\"name\":\"Prim\u00e4re Anspruchsgruppen - Lindt Cocoa Foundation\",\"isPartOf\":{\"@id\":\"https:\\\/\\\/lindtcocoafoundation.org\\\/#website\"},\"primaryImageOfPage\":{\"@id\":\"https:\\\/\\\/lindtcocoafoundation.org\\\/de\\\/strategischer-fokus\\\/primaere-anspruchsgruppen\\\/#primaryimage\"},\"image\":{\"@id\":\"https:\\\/\\\/lindtcocoafoundation.org\\\/de\\\/strategischer-fokus\\\/primaere-anspruchsgruppen\\\/#primaryimage\"},\"thumbnailUrl\":\"https:\\\/\\\/lindtcocoafoundation.org\\\/wp-content\\\/uploads\\\/2025\\\/04\\\/slider.jpg\",\"datePublished\":\"2025-04-14T08:53:05+00:00\",\"dateModified\":\"2025-07-25T11:40:31+00:00\",\"breadcrumb\":{\"@id\":\"https:\\\/\\\/lindtcocoafoundation.org\\\/de\\\/strategischer-fokus\\\/primaere-anspruchsgruppen\\\/#breadcrumb\"},\"inLanguage\":\"de\",\"potentialAction\":[{\"@type\":\"ReadAction\",\"target\":[\"https:\\\/\\\/lindtcocoafoundation.org\\\/de\\\/strategischer-fokus\\\/primaere-anspruchsgruppen\\\/\"]}]},{\"@type\":\"ImageObject\",\"inLanguage\":\"de\",\"@id\":\"https:\\\/\\\/lindtcocoafoundation.org\\\/de\\\/strategischer-fokus\\\/primaere-anspruchsgruppen\\\/#primaryimage\",\"url\":\"https:\\\/\\\/lindtcocoafoundation.org\\\/wp-content\\\/uploads\\\/2025\\\/04\\\/slider.jpg\",\"contentUrl\":\"https:\\\/\\\/lindtcocoafoundation.org\\\/wp-content\\\/uploads\\\/2025\\\/04\\\/slider.jpg\",\"width\":2500,\"height\":1667},{\"@type\":\"BreadcrumbList\",\"@id\":\"https:\\\/\\\/lindtcocoafoundation.org\\\/de\\\/strategischer-fokus\\\/primaere-anspruchsgruppen\\\/#breadcrumb\",\"itemListElement\":[{\"@type\":\"ListItem\",\"position\":1,\"name\":\"Home\",\"item\":\"https:\\\/\\\/lindtcocoafoundation.org\\\/de\\\/\"},{\"@type\":\"ListItem\",\"position\":2,\"name\":\"Strategischer Fokus\",\"item\":\"https:\\\/\\\/lindtcocoafoundation.org\\\/de\\\/strategischer-fokus\\\/\"},{\"@type\":\"ListItem\",\"position\":3,\"name\":\"Prim\u00e4re Anspruchsgruppen\"}]},{\"@type\":\"WebSite\",\"@id\":\"https:\\\/\\\/lindtcocoafoundation.org\\\/#website\",\"url\":\"https:\\\/\\\/lindtcocoafoundation.org\\\/\",\"name\":\"Lindt Cocoa Foundation\",\"description\":\"\",\"potentialAction\":[{\"@type\":\"SearchAction\",\"target\":{\"@type\":\"EntryPoint\",\"urlTemplate\":\"https:\\\/\\\/lindtcocoafoundation.org\\\/?s={search_term_string}\"},\"query-input\":{\"@type\":\"PropertyValueSpecification\",\"valueRequired\":true,\"valueName\":\"search_term_string\"}}],\"inLanguage\":\"de\"}]}<\/script>\n<!-- \/ Yoast SEO plugin. -->","yoast_head_json":{"title":"Prim\u00e4re Anspruchsgruppen - Lindt Cocoa Foundation","robots":{"index":"index","follow":"follow","max-snippet":"max-snippet:-1","max-image-preview":"max-image-preview:large","max-video-preview":"max-video-preview:-1"},"canonical":"https:\/\/lindtcocoafoundation.org\/de\/strategischer-fokus\/primaere-anspruchsgruppen\/","og_locale":"de_DE","og_type":"article","og_title":"Prim\u00e4re Anspruchsgruppen - Lindt Cocoa Foundation","og_url":"https:\/\/lindtcocoafoundation.org\/de\/strategischer-fokus\/primaere-anspruchsgruppen\/","og_site_name":"Lindt Cocoa Foundation","article_modified_time":"2025-07-25T11:40:31+00:00","og_image":[{"width":2500,"height":1667,"url":"https:\/\/lindtcocoafoundation.org\/wp-content\/uploads\/2025\/04\/slider.jpg","type":"image\/jpeg"}],"twitter_card":"summary_large_image","schema":{"@context":"https:\/\/schema.org","@graph":[{"@type":"WebPage","@id":"https:\/\/lindtcocoafoundation.org\/de\/strategischer-fokus\/primaere-anspruchsgruppen\/","url":"https:\/\/lindtcocoafoundation.org\/de\/strategischer-fokus\/primaere-anspruchsgruppen\/","name":"Prim\u00e4re Anspruchsgruppen - Lindt Cocoa Foundation","isPartOf":{"@id":"https:\/\/lindtcocoafoundation.org\/#website"},"primaryImageOfPage":{"@id":"https:\/\/lindtcocoafoundation.org\/de\/strategischer-fokus\/primaere-anspruchsgruppen\/#primaryimage"},"image":{"@id":"https:\/\/lindtcocoafoundation.org\/de\/strategischer-fokus\/primaere-anspruchsgruppen\/#primaryimage"},"thumbnailUrl":"https:\/\/lindtcocoafoundation.org\/wp-content\/uploads\/2025\/04\/slider.jpg","datePublished":"2025-04-14T08:53:05+00:00","dateModified":"2025-07-25T11:40:31+00:00","breadcrumb":{"@id":"https:\/\/lindtcocoafoundation.org\/de\/strategischer-fokus\/primaere-anspruchsgruppen\/#breadcrumb"},"inLanguage":"de","potentialAction":[{"@type":"ReadAction","target":["https:\/\/lindtcocoafoundation.org\/de\/strategischer-fokus\/primaere-anspruchsgruppen\/"]}]},{"@type":"ImageObject","inLanguage":"de","@id":"https:\/\/lindtcocoafoundation.org\/de\/strategischer-fokus\/primaere-anspruchsgruppen\/#primaryimage","url":"https:\/\/lindtcocoafoundation.org\/wp-content\/uploads\/2025\/04\/slider.jpg","contentUrl":"https:\/\/lindtcocoafoundation.org\/wp-content\/uploads\/2025\/04\/slider.jpg","width":2500,"height":1667},{"@type":"BreadcrumbList","@id":"https:\/\/lindtcocoafoundation.org\/de\/strategischer-fokus\/primaere-anspruchsgruppen\/#breadcrumb","itemListElement":[{"@type":"ListItem","position":1,"name":"Home","item":"https:\/\/lindtcocoafoundation.org\/de\/"},{"@type":"ListItem","position":2,"name":"Strategischer Fokus","item":"https:\/\/lindtcocoafoundation.org\/de\/strategischer-fokus\/"},{"@type":"ListItem","position":3,"name":"Prim\u00e4re Anspruchsgruppen"}]},{"@type":"WebSite","@id":"https:\/\/lindtcocoafoundation.org\/#website","url":"https:\/\/lindtcocoafoundation.org\/","name":"Lindt Cocoa Foundation","description":"","potentialAction":[{"@type":"SearchAction","target":{"@type":"EntryPoint","urlTemplate":"https:\/\/lindtcocoafoundation.org\/?s={search_term_string}"},"query-input":{"@type":"PropertyValueSpecification","valueRequired":true,"valueName":"search_term_string"}}],"inLanguage":"de"}]}},"_links":{"self":[{"href":"https:\/\/lindtcocoafoundation.org\/de\/wp-json\/wp\/v2\/pages\/3288","targetHints":{"allow":["GET"]}}],"collection":[{"href":"https:\/\/lindtcocoafoundation.org\/de\/wp-json\/wp\/v2\/pages"}],"about":[{"href":"https:\/\/lindtcocoafoundation.org\/de\/wp-json\/wp\/v2\/types\/page"}],"author":[{"embeddable":true,"href":"https:\/\/lindtcocoafoundation.org\/de\/wp-json\/wp\/v2\/users\/1"}],"replies":[{"embeddable":true,"href":"https:\/\/lindtcocoafoundation.org\/de\/wp-json\/wp\/v2\/comments?post=3288"}],"version-history":[{"count":1,"href":"https:\/\/lindtcocoafoundation.org\/de\/wp-json\/wp\/v2\/pages\/3288\/revisions"}],"predecessor-version":[{"id":3291,"href":"https:\/\/lindtcocoafoundation.org\/de\/wp-json\/wp\/v2\/pages\/3288\/revisions\/3291"}],"up":[{"embeddable":true,"href":"https:\/\/lindtcocoafoundation.org\/de\/wp-json\/wp\/v2\/pages\/3281"}],"wp:featuredmedia":[{"embeddable":true,"href":"https:\/\/lindtcocoafoundation.org\/de\/wp-json\/wp\/v2\/media\/2668"}],"wp:attachment":[{"href":"https:\/\/lindtcocoafoundation.org\/de\/wp-json\/wp\/v2\/media?parent=3288"}],"curies":[{"name":"wp","href":"https:\/\/api.w.org\/{rel}","templated":true}]}}